{"id":988,"date":"2015-10-21T12:34:01","date_gmt":"2015-10-21T12:34:01","guid":{"rendered":"https:\/\/dumaxsrl.com\/?page_id=988"},"modified":"2024-10-29T09:19:35","modified_gmt":"2024-10-29T09:19:35","slug":"quienes-somos","status":"publish","type":"page","link":"https:\/\/dumaxsrl.com\/es\/quienes-somos\/","title":{"rendered":"Qui\u00e9nes somos"},"content":{"rendered":"\n<style type=\"text\/css\" data-created_by=\"avia_inline_auto\" id=\"style-css-av-lxn7lsjj-e91ff7dba849488ab3a522ef3c4a4578\">\n.avia-section.av-lxn7lsjj-e91ff7dba849488ab3a522ef3c4a4578{\nbackground-repeat:no-repeat;\nbackground-image:url(https:\/\/dumaxsrl.com\/wp-content\/uploads\/2024\/06\/VERNICI-UV.jpg);\nbackground-position:50% 50%;\nbackground-attachment:scroll;\n}\n<\/style>\n<div id='av_section_1'  class='avia-section av-lxn7lsjj-e91ff7dba849488ab3a522ef3c4a4578 main_color avia-section-default avia-no-border-styling  avia-builder-el-0  el_before_av_section  avia-builder-el-first  avia-full-stretch avia-bg-style-scroll av-minimum-height av-minimum-height-custom av-height-custom  container_wrap sidebar_right'  data-section-bg-repeat='stretch' data-av_minimum_height_px='350'><div class='container av-section-cont-open' style='height:350px'><main  role=\"main\" itemprop=\"mainContentOfPage\"  class='template-page content  av-content-small alpha units'><div class='post-entry post-entry-type-page post-entry-988'><div class='entry-content-wrapper clearfix'>\n<section  class='av_textblock_section av-lxn7lpnz-c36380ac675ce085c14be96f70f7cb29 '   itemscope=\"itemscope\" itemtype=\"https:\/\/schema.org\/CreativeWork\" ><div class='avia_textblock'  itemprop=\"text\" ><h2>Qui\u00e9nes somos<\/h2>\n<\/div><\/section>\n<\/div><\/div><\/main><!-- close content main element --><\/div><\/div>\n<style type=\"text\/css\" data-created_by=\"avia_inline_auto\" id=\"style-css-av-dobxz-4696bf7a395fe76449ec6d4ef6d4ff48\">\n.avia-section.av-dobxz-4696bf7a395fe76449ec6d4ef6d4ff48{\nbackground-color:#fcfcfc;\nbackground-image:unset;\n}\n<\/style>\n<div id='av_section_2'  class='avia-section av-dobxz-4696bf7a395fe76449ec6d4ef6d4ff48 main_color avia-section-large avia-no-shadow  avia-builder-el-2  el_after_av_section  avia-builder-el-last  avia-bg-style-scroll container_wrap sidebar_right'  ><div class='container av-section-cont-open' ><div class='template-page content  av-content-small alpha units'><div class='post-entry post-entry-type-page post-entry-988'><div class='entry-content-wrapper clearfix'>\n<div  class='flex_column av-wuqn-2389f6a59280169b15ddc0f9bdd7971f av_one_third  avia-builder-el-3  el_before_av_two_third  avia-builder-el-first  first flex_column_div  '     ><style type=\"text\/css\" data-created_by=\"avia_inline_auto\" id=\"style-css-av-lyyfutod-f855109d763ecc6983093ccb5eb70de6\">\n.avia-image-container.av-lyyfutod-f855109d763ecc6983093ccb5eb70de6 img.avia_image{\nbox-shadow:none;\n}\n.avia-image-container.av-lyyfutod-f855109d763ecc6983093ccb5eb70de6 .av-image-caption-overlay-center{\ncolor:#ffffff;\n}\n<\/style>\n<div  class='avia-image-container av-lyyfutod-f855109d763ecc6983093ccb5eb70de6 av-styling- avia-align-center  avia-builder-el-4  avia-builder-el-no-sibling '   itemprop=\"image\" itemscope=\"itemscope\" itemtype=\"https:\/\/schema.org\/ImageObject\" ><div class=\"avia-image-container-inner\"><div class=\"avia-image-overlay-wrap\"><img decoding=\"async\" fetchpriority=\"high\" class='wp-image-726 avia-img-lazy-loading-not-726 avia_image ' src=\"https:\/\/dumaxsrl.com\/wp-content\/uploads\/2024\/06\/logo-300x138.jpg\" alt='' title='logo'  height=\"138\" width=\"300\"  itemprop=\"thumbnailUrl\" srcset=\"https:\/\/dumaxsrl.com\/wp-content\/uploads\/2024\/06\/logo-300x138.jpg 300w, https:\/\/dumaxsrl.com\/wp-content\/uploads\/2024\/06\/logo.jpg 340w\" sizes=\"(max-width: 300px) 100vw, 300px\" \/><\/div><\/div><\/div><\/div><div  class='flex_column av-lyyfvbyt-2c60b2119fe7c7cbde5681b956b35749 av_two_third  avia-builder-el-5  el_after_av_one_third  el_before_av_two_third  flex_column_div  '     ><style type=\"text\/css\" data-created_by=\"avia_inline_auto\" id=\"style-css-av-18wuf-3e9e74011dba092d442b540b479ba3ed\">\n#top .av_textblock_section.av-18wuf-3e9e74011dba092d442b540b479ba3ed .avia_textblock{\nfont-size:18px;\ncolor:#0a0a0a;\n}\n<\/style>\n<section  class='av_textblock_section av-18wuf-3e9e74011dba092d442b540b479ba3ed '   itemscope=\"itemscope\" itemtype=\"https:\/\/schema.org\/CreativeWork\" ><div class='avia_textblock av_inherit_color'  itemprop=\"text\" ><p>Nuestra empresa, nacida en 1951, dirige pronto su atenci\u00f3n al sector de las artes graficas.<br \/>\nDurante 20 a\u0148os la producci\u00f3n se basa sobre los barnices\u00a0 a base solvente, en la fase de terminaci\u00f3n, en parte de CALANDRAR aplicadas con manquinas barnizadoras a rollo y maquinas flexograficas.<br \/>\nA la fin de los a\u0148os 70, cuando apariron sobre el mercado las materias primas reticulables UV, nuestra empresa abandon\u00f3 los viejos esquemas y punt\u00f3 hacia las nuevas tecnologias.<\/p>\n<\/div><\/section><\/div><div class='flex_column_table av-22f6v-89ecced4e6aaa9b8fa98d9f605d97cce sc-av_two_third av-equal-height-column-flextable'><div  class='flex_column av-22f6v-89ecced4e6aaa9b8fa98d9f605d97cce av_two_third  avia-builder-el-7  el_after_av_two_third  el_before_av_one_third  first flex_column_table_cell av-equal-height-column av-align-middle  column-top-margin'     ><style type=\"text\/css\" data-created_by=\"avia_inline_auto\" id=\"style-css-av-lz8hdoyr-7389c32af69b21332205e29e1873a7cb\">\n#top .av_textblock_section.av-lz8hdoyr-7389c32af69b21332205e29e1873a7cb .avia_textblock{\nfont-size:18px;\ncolor:#0a0a0a;\n}\n<\/style>\n<section  class='av_textblock_section av-lz8hdoyr-7389c32af69b21332205e29e1873a7cb '   itemscope=\"itemscope\" itemtype=\"https:\/\/schema.org\/CreativeWork\" ><div class='avia_textblock av_inherit_color'  itemprop=\"text\" ><p>Hoy, nuestra empresa produce barnices UV idoneas a todas laa maquinas de imprenta y maquinas barnizadoras, produce tambi\u00e9n adesivos UV para la plastificaci\u00f3n del papel con OPP, papel con acetado de cellulusa y papel con poli\u00e9ster.<br \/>\nPor ahora \u00e9stamos afirmados sobre el mercado italiano y vendemos nuestros productos sea en numerosos paises de Europa, que en Asia y America del Sur.<\/p>\n<\/div><\/section><\/div><div class='av-flex-placeholder'><\/div><div  class='flex_column av-19xf3-42ee38823a4fcefd4686c13a37705d47 av_one_third  avia-builder-el-9  el_after_av_two_third  avia-builder-el-last  flex_column_table_cell av-equal-height-column av-align-middle  column-top-margin'     ><style type=\"text\/css\" data-created_by=\"avia_inline_auto\" id=\"style-css-av-y0sj-574bfaec7fa7ce9228e62f3da85ee903\">\n.avia-image-container.av-y0sj-574bfaec7fa7ce9228e62f3da85ee903 img.avia_image{\nbox-shadow:none;\n}\n.avia-image-container.av-y0sj-574bfaec7fa7ce9228e62f3da85ee903 .av-image-caption-overlay-center{\ncolor:#ffffff;\n}\n<\/style>\n<div  class='avia-image-container av-y0sj-574bfaec7fa7ce9228e62f3da85ee903 av-styling- avia-align-center  avia-builder-el-10  avia-builder-el-no-sibling '   itemprop=\"image\" itemscope=\"itemscope\" itemtype=\"https:\/\/schema.org\/ImageObject\" ><div class=\"avia-image-container-inner\"><div class=\"avia-image-overlay-wrap\"><img decoding=\"async\" fetchpriority=\"high\" class='wp-image-792 avia-img-lazy-loading-not-792 avia_image ' src=\"https:\/\/dumaxsrl.com\/wp-content\/uploads\/2024\/07\/certificazioni-1.jpg\" alt='' title='certificazioni'  height=\"266\" width=\"734\"  itemprop=\"thumbnailUrl\" srcset=\"https:\/\/dumaxsrl.com\/wp-content\/uploads\/2024\/07\/certificazioni-1.jpg 734w, https:\/\/dumaxsrl.com\/wp-content\/uploads\/2024\/07\/certificazioni-1-300x109.jpg 300w, https:\/\/dumaxsrl.com\/wp-content\/uploads\/2024\/07\/certificazioni-1-705x255.jpg 705w\" sizes=\"(max-width: 734px) 100vw, 734px\" \/><\/div><\/div><\/div><\/div><\/div><!--close column table wrapper. Autoclose: 1 --><\/div><\/div><\/div><!-- close content main div --><\/div><\/div><div id='after_section_2'  class='main_color av_default_container_wrap container_wrap sidebar_right'  ><div class='container av-section-cont-open' ><div class='template-page content  av-content-small alpha units'><div class='post-entry post-entry-type-page post-entry-988'><div class='entry-content-wrapper clearfix'><\/p>\n","protected":false},"excerpt":{"rendered":"","protected":false},"author":1,"featured_media":0,"parent":0,"menu_order":0,"comment_status":"closed","ping_status":"closed","template":"","meta":{"footnotes":""},"yoast_head":"<!-- This site is optimized with the Yoast SEO plugin v23.7 - https:\/\/yoast.com\/wordpress\/plugins\/seo\/ -->\n<title>Qui\u00e9nes somos - DUMAX SRL<\/title>\n<meta name=\"robots\" content=\"index, follow, max-snippet:-1, max-image-preview:large, max-video-preview:-1\" \/>\n<link rel=\"canonical\" href=\"https:\/\/dumaxsrl.com\/es\/quienes-somos\/\" \/>\n<meta property=\"og:locale\" content=\"es_ES\" \/>\n<meta property=\"og:type\" content=\"article\" \/>\n<meta property=\"og:title\" content=\"Qui\u00e9nes somos - DUMAX SRL\" \/>\n<meta property=\"og:url\" content=\"https:\/\/dumaxsrl.com\/es\/quienes-somos\/\" \/>\n<meta property=\"og:site_name\" content=\"DUMAX SRL\" \/>\n<meta property=\"article:modified_time\" content=\"2024-10-29T09:19:35+00:00\" \/>\n<meta name=\"twitter:card\" content=\"summary_large_image\" \/>\n<meta name=\"twitter:label1\" content=\"Tiempo de lectura\" \/>\n\t<meta name=\"twitter:data1\" content=\"2 minutos\" \/>\n<script type=\"application\/ld+json\" class=\"yoast-schema-graph\">{\"@context\":\"https:\/\/schema.org\",\"@graph\":[{\"@type\":\"WebPage\",\"@id\":\"https:\/\/dumaxsrl.com\/es\/quienes-somos\/\",\"url\":\"https:\/\/dumaxsrl.com\/es\/quienes-somos\/\",\"name\":\"Qui\u00e9nes somos - DUMAX SRL\",\"isPartOf\":{\"@id\":\"https:\/\/dumaxsrl.com\/es\/#website\"},\"datePublished\":\"2015-10-21T12:34:01+00:00\",\"dateModified\":\"2024-10-29T09:19:35+00:00\",\"breadcrumb\":{\"@id\":\"https:\/\/dumaxsrl.com\/es\/quienes-somos\/#breadcrumb\"},\"inLanguage\":\"es\",\"potentialAction\":[{\"@type\":\"ReadAction\",\"target\":[\"https:\/\/dumaxsrl.com\/es\/quienes-somos\/\"]}]},{\"@type\":\"BreadcrumbList\",\"@id\":\"https:\/\/dumaxsrl.com\/es\/quienes-somos\/#breadcrumb\",\"itemListElement\":[{\"@type\":\"ListItem\",\"position\":1,\"name\":\"Home\",\"item\":\"https:\/\/dumaxsrl.com\/es\/homepage\/\"},{\"@type\":\"ListItem\",\"position\":2,\"name\":\"Qui\u00e9nes somos\"}]},{\"@type\":\"WebSite\",\"@id\":\"https:\/\/dumaxsrl.com\/es\/#website\",\"url\":\"https:\/\/dumaxsrl.com\/es\/\",\"name\":\"DUMAX SRL\",\"description\":\"\",\"potentialAction\":[{\"@type\":\"SearchAction\",\"target\":{\"@type\":\"EntryPoint\",\"urlTemplate\":\"https:\/\/dumaxsrl.com\/es\/?s={search_term_string}\"},\"query-input\":{\"@type\":\"PropertyValueSpecification\",\"valueRequired\":true,\"valueName\":\"search_term_string\"}}],\"inLanguage\":\"es\"}]}<\/script>\n<!-- \/ Yoast SEO plugin. -->","yoast_head_json":{"title":"Qui\u00e9nes somos - DUMAX SRL","robots":{"index":"index","follow":"follow","max-snippet":"max-snippet:-1","max-image-preview":"max-image-preview:large","max-video-preview":"max-video-preview:-1"},"canonical":"https:\/\/dumaxsrl.com\/es\/quienes-somos\/","og_locale":"es_ES","og_type":"article","og_title":"Qui\u00e9nes somos - DUMAX SRL","og_url":"https:\/\/dumaxsrl.com\/es\/quienes-somos\/","og_site_name":"DUMAX SRL","article_modified_time":"2024-10-29T09:19:35+00:00","twitter_card":"summary_large_image","twitter_misc":{"Tiempo de lectura":"2 minutos"},"schema":{"@context":"https:\/\/schema.org","@graph":[{"@type":"WebPage","@id":"https:\/\/dumaxsrl.com\/es\/quienes-somos\/","url":"https:\/\/dumaxsrl.com\/es\/quienes-somos\/","name":"Qui\u00e9nes somos - DUMAX SRL","isPartOf":{"@id":"https:\/\/dumaxsrl.com\/es\/#website"},"datePublished":"2015-10-21T12:34:01+00:00","dateModified":"2024-10-29T09:19:35+00:00","breadcrumb":{"@id":"https:\/\/dumaxsrl.com\/es\/quienes-somos\/#breadcrumb"},"inLanguage":"es","potentialAction":[{"@type":"ReadAction","target":["https:\/\/dumaxsrl.com\/es\/quienes-somos\/"]}]},{"@type":"BreadcrumbList","@id":"https:\/\/dumaxsrl.com\/es\/quienes-somos\/#breadcrumb","itemListElement":[{"@type":"ListItem","position":1,"name":"Home","item":"https:\/\/dumaxsrl.com\/es\/homepage\/"},{"@type":"ListItem","position":2,"name":"Qui\u00e9nes somos"}]},{"@type":"WebSite","@id":"https:\/\/dumaxsrl.com\/es\/#website","url":"https:\/\/dumaxsrl.com\/es\/","name":"DUMAX SRL","description":"","potentialAction":[{"@type":"SearchAction","target":{"@type":"EntryPoint","urlTemplate":"https:\/\/dumaxsrl.com\/es\/?s={search_term_string}"},"query-input":{"@type":"PropertyValueSpecification","valueRequired":true,"valueName":"search_term_string"}}],"inLanguage":"es"}]}},"_links":{"self":[{"href":"https:\/\/dumaxsrl.com\/es\/wp-json\/wp\/v2\/pages\/988"}],"collection":[{"href":"https:\/\/dumaxsrl.com\/es\/wp-json\/wp\/v2\/pages"}],"about":[{"href":"https:\/\/dumaxsrl.com\/es\/wp-json\/wp\/v2\/types\/page"}],"author":[{"embeddable":true,"href":"https:\/\/dumaxsrl.com\/es\/wp-json\/wp\/v2\/users\/1"}],"replies":[{"embeddable":true,"href":"https:\/\/dumaxsrl.com\/es\/wp-json\/wp\/v2\/comments?post=988"}],"version-history":[{"count":3,"href":"https:\/\/dumaxsrl.com\/es\/wp-json\/wp\/v2\/pages\/988\/revisions"}],"predecessor-version":[{"id":990,"href":"https:\/\/dumaxsrl.com\/es\/wp-json\/wp\/v2\/pages\/988\/revisions\/990"}],"wp:attachment":[{"href":"https:\/\/dumaxsrl.com\/es\/wp-json\/wp\/v2\/media?parent=988"}],"curies":[{"name":"wp","href":"https:\/\/api.w.org\/{rel}","templated":true}]}}