{"id":993,"date":"2024-07-23T11:59:03","date_gmt":"2024-07-23T11:59:03","guid":{"rendered":"https:\/\/dumaxsrl.com\/?page_id=993"},"modified":"2024-10-30T11:55:32","modified_gmt":"2024-10-30T11:55:32","slug":"barnices-uv","status":"publish","type":"page","link":"https:\/\/dumaxsrl.com\/es\/barnices-uv\/","title":{"rendered":"BARNICES UV"},"content":{"rendered":"\n<style type=\"text\/css\" data-created_by=\"avia_inline_auto\" id=\"style-css-av-lxn7lsjj-6960a72c97475851fb491248a6c60b3e\">\n.avia-section.av-lxn7lsjj-6960a72c97475851fb491248a6c60b3e{\nbackground-repeat:no-repeat;\nbackground-image:url(https:\/\/dumaxsrl.com\/wp-content\/uploads\/2024\/08\/VERNICI-UV-12.jpg);\nbackground-position:50% 50%;\nbackground-attachment:scroll;\n}\n<\/style>\n<div id='av_section_1'  class='avia-section av-lxn7lsjj-6960a72c97475851fb491248a6c60b3e main_color avia-section-default avia-no-border-styling  avia-builder-el-0  el_before_av_one_third  avia-builder-el-first  avia-full-stretch avia-bg-style-scroll av-minimum-height av-minimum-height-custom av-height-custom  container_wrap sidebar_right'  data-section-bg-repeat='stretch' data-av_minimum_height_px='350'><div class='container av-section-cont-open' style='height:350px'><main  role=\"main\" itemprop=\"mainContentOfPage\"  class='template-page content  av-content-small alpha units'><div class='post-entry post-entry-type-page post-entry-993'><div class='entry-content-wrapper clearfix'>\n<section  class='av_textblock_section av-lxn7lpnz-c36380ac675ce085c14be96f70f7cb29 '   itemscope=\"itemscope\" itemtype=\"https:\/\/schema.org\/CreativeWork\" ><div class='avia_textblock'  itemprop=\"text\" ><h2><span style=\"font-size: 36pt;\">BARNICES UV<\/span><\/h2>\n<\/div><\/section>\n<\/div><\/div><\/main><!-- close content main element --><\/div><\/div><div id='after_section_1'  class='main_color av_default_container_wrap container_wrap sidebar_right'  ><div class='container av-section-cont-open' ><div class='template-page content  av-content-small alpha units'><div class='post-entry post-entry-type-page post-entry-993'><div class='entry-content-wrapper clearfix'>\n<div  class='flex_column av-1pgzpp-c737f8abeb93ae04a6afd38a3b381d47 av_one_third  avia-builder-el-2  el_after_av_section  el_before_av_one_third  avia-builder-el-first  first flex_column_div  '     ><style type=\"text\/css\" data-created_by=\"avia_inline_auto\" id=\"style-css-av-lz8i12tm-d94864d820b0465952e9b565766f2c6d\">\n.iconbox.av-lz8i12tm-d94864d820b0465952e9b565766f2c6d .iconbox_icon{\nborder:1px solid #ed2121;\ncolor:#ed2121;\n}\n<\/style>\n<article  class='iconbox iconbox_left av-lz8i12tm-d94864d820b0465952e9b565766f2c6d  avia-builder-el-3  avia-builder-el-no-sibling '  itemscope=\"itemscope\" itemtype=\"https:\/\/schema.org\/CreativeWork\" ><div class=\"iconbox_content\"><header class=\"entry-content-header\"><div class=\"iconbox_icon heading-color\" aria-hidden='true' data-av_icon='\ue875' data-av_iconfont='entypo-fontello'><\/div><h3 class='iconbox_content_title '  itemprop=\"headline\" >Barnices para blanca y volta<\/h3><\/header><div class='iconbox_content_container '  itemprop=\"text\" ><\/div><\/div><footer class=\"entry-footer\"><\/footer><\/article><\/div>\n<div  class='flex_column av-1lk3yd-826998a14c6a040942ea578a882f3ece av_one_third  avia-builder-el-4  el_after_av_one_third  el_before_av_one_third  flex_column_div  '     ><style type=\"text\/css\" data-created_by=\"avia_inline_auto\" id=\"style-css-av-lz8i3f2i-898414a7945bd276d769d0995d98b6b0\">\n.iconbox.av-lz8i3f2i-898414a7945bd276d769d0995d98b6b0 .iconbox_icon{\nborder:1px solid #ed2121;\ncolor:#ed2121;\n}\n<\/style>\n<article  class='iconbox iconbox_left av-lz8i3f2i-898414a7945bd276d769d0995d98b6b0  avia-builder-el-5  avia-builder-el-no-sibling '  itemscope=\"itemscope\" itemtype=\"https:\/\/schema.org\/CreativeWork\" ><div class=\"iconbox_content\"><header class=\"entry-content-header\"><div class=\"iconbox_icon heading-color\" aria-hidden='true' data-av_icon='\ue875' data-av_iconfont='entypo-fontello'><\/div><h3 class='iconbox_content_title '  itemprop=\"headline\" >Barnices para estampillado oro a calor<\/h3><\/header><div class='iconbox_content_container '  itemprop=\"text\" ><\/div><\/div><footer class=\"entry-footer\"><\/footer><\/article><\/div>\n<div  class='flex_column av-1cghz1-8450cbf3a80638b5d04f773ecec637e7 av_one_third  avia-builder-el-6  el_after_av_one_third  el_before_av_one_third  flex_column_div  '     ><style type=\"text\/css\" data-created_by=\"avia_inline_auto\" id=\"style-css-av-lz8i3mda-7ce46ff69ad420afd05e401cfb37561e\">\n.iconbox.av-lz8i3mda-7ce46ff69ad420afd05e401cfb37561e .iconbox_icon{\nborder:1px solid #ed2121;\ncolor:#ed2121;\n}\n<\/style>\n<article  class='iconbox iconbox_left av-lz8i3mda-7ce46ff69ad420afd05e401cfb37561e  avia-builder-el-7  avia-builder-el-no-sibling '  itemscope=\"itemscope\" itemtype=\"https:\/\/schema.org\/CreativeWork\" ><div class=\"iconbox_content\"><header class=\"entry-content-header\"><div class=\"iconbox_icon heading-color\" aria-hidden='true' data-av_icon='\ue875' data-av_iconfont='entypo-fontello'><\/div><h3 class='iconbox_content_title '  itemprop=\"headline\" >Barnices para imprenta digital<\/h3><\/header><div class='iconbox_content_container '  itemprop=\"text\" ><\/div><\/div><footer class=\"entry-footer\"><\/footer><\/article><\/div>\n<div  class='flex_column av-17pmql-1314e515703770ab57c5fe5a537ecf75 av_one_third  avia-builder-el-8  el_after_av_one_third  el_before_av_one_third  first flex_column_div  column-top-margin'     ><style type=\"text\/css\" data-created_by=\"avia_inline_auto\" id=\"style-css-av-lz8i3usp-6f997c52197bca0c002c0dddee755f08\">\n.iconbox.av-lz8i3usp-6f997c52197bca0c002c0dddee755f08 .iconbox_icon{\nborder:1px solid #ed2121;\ncolor:#ed2121;\n}\n<\/style>\n<article  class='iconbox iconbox_left av-lz8i3usp-6f997c52197bca0c002c0dddee755f08  avia-builder-el-9  avia-builder-el-no-sibling '  itemscope=\"itemscope\" itemtype=\"https:\/\/schema.org\/CreativeWork\" ><div class=\"iconbox_content\"><header class=\"entry-content-header\"><div class=\"iconbox_icon heading-color\" aria-hidden='true' data-av_icon='\ue875' data-av_iconfont='entypo-fontello'><\/div><h3 class='iconbox_content_title '  itemprop=\"headline\" >Barnices con efecto release<\/h3><\/header><div class='iconbox_content_container '  itemprop=\"text\" ><\/div><\/div><footer class=\"entry-footer\"><\/footer><\/article><\/div>\n<div  class='flex_column av-11soud-bbbd62ad703bc762290323a494b5013a av_one_third  avia-builder-el-10  el_after_av_one_third  el_before_av_one_third  flex_column_div  column-top-margin'     ><style type=\"text\/css\" data-created_by=\"avia_inline_auto\" id=\"style-css-av-lz8i41lp-5e5aaa5038e113d85cbba0acaf14599f\">\n.iconbox.av-lz8i41lp-5e5aaa5038e113d85cbba0acaf14599f .iconbox_icon{\nborder:1px solid #ed2121;\ncolor:#ed2121;\n}\n<\/style>\n<article  class='iconbox iconbox_left av-lz8i41lp-5e5aaa5038e113d85cbba0acaf14599f  avia-builder-el-11  avia-builder-el-no-sibling '  itemscope=\"itemscope\" itemtype=\"https:\/\/schema.org\/CreativeWork\" ><div class=\"iconbox_content\"><header class=\"entry-content-header\"><div class=\"iconbox_icon heading-color\" aria-hidden='true' data-av_icon='\ue875' data-av_iconfont='entypo-fontello'><\/div><h3 class='iconbox_content_title '  itemprop=\"headline\" >Barnices con efecto drip off<\/h3><\/header><div class='iconbox_content_container '  itemprop=\"text\" ><\/div><\/div><footer class=\"entry-footer\"><\/footer><\/article><\/div>\n<div  class='flex_column av-3h7zp-01f12fae62a88a53890dc96847d94626 av_one_third  avia-builder-el-12  el_after_av_one_third  el_before_av_one_third  flex_column_div  column-top-margin'     ><style type=\"text\/css\" data-created_by=\"avia_inline_auto\" id=\"style-css-av-lz8i493r-b9aca10d575b680bc14596fe6a679807\">\n.iconbox.av-lz8i493r-b9aca10d575b680bc14596fe6a679807 .iconbox_icon{\nborder:1px solid #ed2121;\ncolor:#ed2121;\n}\n<\/style>\n<article  class='iconbox iconbox_left av-lz8i493r-b9aca10d575b680bc14596fe6a679807  avia-builder-el-13  avia-builder-el-no-sibling '  itemscope=\"itemscope\" itemtype=\"https:\/\/schema.org\/CreativeWork\" ><div class=\"iconbox_content\"><header class=\"entry-content-header\"><div class=\"iconbox_icon heading-color\" aria-hidden='true' data-av_icon='\ue875' data-av_iconfont='entypo-fontello'><\/div><h3 class='iconbox_content_title '  itemprop=\"headline\" >Barnices luminiscentes<\/h3><\/header><div class='iconbox_content_container '  itemprop=\"text\" ><\/div><\/div><footer class=\"entry-footer\"><\/footer><\/article><\/div>\n<div  class='flex_column av-py9rh-76f5bd45c05710be7b8bc800fdba65e4 av_one_third  avia-builder-el-14  el_after_av_one_third  el_before_av_one_third  first flex_column_div  column-top-margin'     ><style type=\"text\/css\" data-created_by=\"avia_inline_auto\" id=\"style-css-av-lz8i4gjb-0a61c4f934c2abe6fccea566c29a45c6\">\n.iconbox.av-lz8i4gjb-0a61c4f934c2abe6fccea566c29a45c6 .iconbox_icon{\nborder:1px solid #ed2121;\ncolor:#ed2121;\n}\n<\/style>\n<article  class='iconbox iconbox_left av-lz8i4gjb-0a61c4f934c2abe6fccea566c29a45c6  avia-builder-el-15  avia-builder-el-no-sibling '  itemscope=\"itemscope\" itemtype=\"https:\/\/schema.org\/CreativeWork\" ><div class=\"iconbox_content\"><header class=\"entry-content-header\"><div class=\"iconbox_icon heading-color\" aria-hidden='true' data-av_icon='\ue875' data-av_iconfont='entypo-fontello'><\/div><h3 class='iconbox_content_title '  itemprop=\"headline\" >Barnices para papel<\/h3><\/header><div class='iconbox_content_container '  itemprop=\"text\" ><\/div><\/div><footer class=\"entry-footer\"><\/footer><\/article><\/div>\n<div  class='flex_column av-jkafx-88fb92781924a93cfd277f6d2234a157 av_one_third  avia-builder-el-16  el_after_av_one_third  el_before_av_one_third  flex_column_div  column-top-margin'     ><style type=\"text\/css\" data-created_by=\"avia_inline_auto\" id=\"style-css-av-lz8i4wmu-b1884aaa9fdfab40b0cbf9b36dd6dcbf\">\n.iconbox.av-lz8i4wmu-b1884aaa9fdfab40b0cbf9b36dd6dcbf .iconbox_icon{\nborder:1px solid #ed2121;\ncolor:#ed2121;\n}\n<\/style>\n<article  class='iconbox iconbox_left av-lz8i4wmu-b1884aaa9fdfab40b0cbf9b36dd6dcbf  avia-builder-el-17  avia-builder-el-no-sibling '  itemscope=\"itemscope\" itemtype=\"https:\/\/schema.org\/CreativeWork\" ><div class=\"iconbox_content\"><header class=\"entry-content-header\"><div class=\"iconbox_icon heading-color\" aria-hidden='true' data-av_icon='\ue875' data-av_iconfont='entypo-fontello'><\/div><h3 class='iconbox_content_title '  itemprop=\"headline\" >Barnices para cart\u00f3n<\/h3><\/header><div class='iconbox_content_container '  itemprop=\"text\" ><\/div><\/div><footer class=\"entry-footer\"><\/footer><\/article><\/div>\n<div  class='flex_column av-gm2d9-ae7c994382da2c833cdc44e42c65ba8e av_one_third  avia-builder-el-18  el_after_av_one_third  el_before_av_section  avia-builder-el-last  flex_column_div  column-top-margin'     ><style type=\"text\/css\" data-created_by=\"avia_inline_auto\" id=\"style-css-av-lz8i5531-3842e84f6c6c3f075880f838f68ade7c\">\n.iconbox.av-lz8i5531-3842e84f6c6c3f075880f838f68ade7c .iconbox_icon{\nborder:1px solid #ed2121;\ncolor:#ed2121;\n}\n<\/style>\n<article  class='iconbox iconbox_left av-lz8i5531-3842e84f6c6c3f075880f838f68ade7c  avia-builder-el-19  avia-builder-el-no-sibling '  itemscope=\"itemscope\" itemtype=\"https:\/\/schema.org\/CreativeWork\" ><div class=\"iconbox_content\"><header class=\"entry-content-header\"><div class=\"iconbox_icon heading-color\" aria-hidden='true' data-av_icon='\ue875' data-av_iconfont='entypo-fontello'><\/div><h3 class='iconbox_content_title '  itemprop=\"headline\" >Barnices para pl\u00e1stico<\/h3><\/header><div class='iconbox_content_container '  itemprop=\"text\" ><\/div><\/div><footer class=\"entry-footer\"><\/footer><\/article><\/div>\n<\/div><\/div><\/div><!-- close content main div --><\/div><\/div>\n<style type=\"text\/css\" data-created_by=\"avia_inline_auto\" id=\"style-css-av-ekhg5-57329838ae4b233724877968351a2d7d\">\n.avia-section.av-ekhg5-57329838ae4b233724877968351a2d7d{\nbackground-color:#ed2121;\nbackground-image:unset;\n}\n<\/style>\n<div id='av_section_2'  class='avia-section av-ekhg5-57329838ae4b233724877968351a2d7d main_color avia-section-default avia-no-border-styling  avia-builder-el-20  el_after_av_one_third  avia-builder-el-last  avia-bg-style-parallax container_wrap sidebar_right'  ><div class='container av-section-cont-open' ><div class='template-page content  av-content-small alpha units'><div class='post-entry post-entry-type-page post-entry-993'><div class='entry-content-wrapper clearfix'>\n<div class='flex_column_table av-xwyd-c2f461d1bcb1ffca9af5737c39a4a9ff sc-av_one_full av-equal-height-column-flextable'>\n<style type=\"text\/css\" data-created_by=\"avia_inline_auto\" id=\"style-css-av-xwyd-c2f461d1bcb1ffca9af5737c39a4a9ff\">\n.flex_column.av-xwyd-c2f461d1bcb1ffca9af5737c39a4a9ff{\nborder-radius:0px 0px 0px 0px;\npadding:0px 0px 0px 0px;\n}\n<\/style>\n<div  class='flex_column av-xwyd-c2f461d1bcb1ffca9af5737c39a4a9ff av_one_full  avia-builder-el-21  avia-builder-el-no-sibling  first flex_column_table_cell av-equal-height-column av-align-middle av-animated-generic left-to-right av-zero-column-padding  '     ><section  class='av_textblock_section av-lz8i8jbu-5f15e33639649a6242e4af5a6cb5be0c '   itemscope=\"itemscope\" itemtype=\"https:\/\/schema.org\/CreativeWork\" ><div class='avia_textblock'  itemprop=\"text\" ><p style=\"text-align: center;\"><span style=\"font-size: 18pt; color: #ffffff;\">Sistema de aplicaci\u00f3n: m\u00e1quinas flexogr\u00e1ficas en l\u00ednea o fuera de l\u00ednea y m\u00e1quinas serigr\u00e1ficas<\/span><\/p>\n<\/div><\/section><\/div><\/div><!--close column table wrapper. Autoclose: 1 --><\/div><\/div><\/div><!-- close content main div --><\/div><\/div><div id='after_section_2'  class='main_color av_default_container_wrap container_wrap sidebar_right'  ><div class='container av-section-cont-open' ><div class='template-page content  av-content-small alpha units'><div class='post-entry post-entry-type-page post-entry-993'><div class='entry-content-wrapper clearfix'>\n","protected":false},"excerpt":{"rendered":"","protected":false},"author":1,"featured_media":0,"parent":0,"menu_order":0,"comment_status":"closed","ping_status":"closed","template":"","meta":{"footnotes":""},"yoast_head":"<!-- This site is optimized with the Yoast SEO plugin v23.7 - https:\/\/yoast.com\/wordpress\/plugins\/seo\/ -->\n<title>BARNICES UV - DUMAX SRL<\/title>\n<meta name=\"robots\" content=\"index, follow, max-snippet:-1, max-image-preview:large, max-video-preview:-1\" \/>\n<link rel=\"canonical\" href=\"https:\/\/dumaxsrl.com\/es\/barnices-uv\/\" \/>\n<meta property=\"og:locale\" content=\"es_ES\" \/>\n<meta property=\"og:type\" content=\"article\" \/>\n<meta property=\"og:title\" content=\"BARNICES UV - DUMAX SRL\" \/>\n<meta property=\"og:url\" content=\"https:\/\/dumaxsrl.com\/es\/barnices-uv\/\" \/>\n<meta property=\"og:site_name\" content=\"DUMAX SRL\" \/>\n<meta property=\"article:modified_time\" content=\"2024-10-30T11:55:32+00:00\" \/>\n<meta name=\"twitter:card\" content=\"summary_large_image\" \/>\n<meta name=\"twitter:label1\" content=\"Tiempo de lectura\" \/>\n\t<meta name=\"twitter:data1\" content=\"1 minuto\" \/>\n<script type=\"application\/ld+json\" class=\"yoast-schema-graph\">{\"@context\":\"https:\/\/schema.org\",\"@graph\":[{\"@type\":\"WebPage\",\"@id\":\"https:\/\/dumaxsrl.com\/es\/barnices-uv\/\",\"url\":\"https:\/\/dumaxsrl.com\/es\/barnices-uv\/\",\"name\":\"BARNICES UV - DUMAX SRL\",\"isPartOf\":{\"@id\":\"https:\/\/dumaxsrl.com\/es\/#website\"},\"datePublished\":\"2024-07-23T11:59:03+00:00\",\"dateModified\":\"2024-10-30T11:55:32+00:00\",\"breadcrumb\":{\"@id\":\"https:\/\/dumaxsrl.com\/es\/barnices-uv\/#breadcrumb\"},\"inLanguage\":\"es\",\"potentialAction\":[{\"@type\":\"ReadAction\",\"target\":[\"https:\/\/dumaxsrl.com\/es\/barnices-uv\/\"]}]},{\"@type\":\"BreadcrumbList\",\"@id\":\"https:\/\/dumaxsrl.com\/es\/barnices-uv\/#breadcrumb\",\"itemListElement\":[{\"@type\":\"ListItem\",\"position\":1,\"name\":\"Home\",\"item\":\"https:\/\/dumaxsrl.com\/es\/homepage\/\"},{\"@type\":\"ListItem\",\"position\":2,\"name\":\"BARNICES UV\"}]},{\"@type\":\"WebSite\",\"@id\":\"https:\/\/dumaxsrl.com\/es\/#website\",\"url\":\"https:\/\/dumaxsrl.com\/es\/\",\"name\":\"DUMAX SRL\",\"description\":\"\",\"potentialAction\":[{\"@type\":\"SearchAction\",\"target\":{\"@type\":\"EntryPoint\",\"urlTemplate\":\"https:\/\/dumaxsrl.com\/es\/?s={search_term_string}\"},\"query-input\":{\"@type\":\"PropertyValueSpecification\",\"valueRequired\":true,\"valueName\":\"search_term_string\"}}],\"inLanguage\":\"es\"}]}<\/script>\n<!-- \/ Yoast SEO plugin. -->","yoast_head_json":{"title":"BARNICES UV - DUMAX SRL","robots":{"index":"index","follow":"follow","max-snippet":"max-snippet:-1","max-image-preview":"max-image-preview:large","max-video-preview":"max-video-preview:-1"},"canonical":"https:\/\/dumaxsrl.com\/es\/barnices-uv\/","og_locale":"es_ES","og_type":"article","og_title":"BARNICES UV - DUMAX SRL","og_url":"https:\/\/dumaxsrl.com\/es\/barnices-uv\/","og_site_name":"DUMAX SRL","article_modified_time":"2024-10-30T11:55:32+00:00","twitter_card":"summary_large_image","twitter_misc":{"Tiempo de lectura":"1 minuto"},"schema":{"@context":"https:\/\/schema.org","@graph":[{"@type":"WebPage","@id":"https:\/\/dumaxsrl.com\/es\/barnices-uv\/","url":"https:\/\/dumaxsrl.com\/es\/barnices-uv\/","name":"BARNICES UV - DUMAX SRL","isPartOf":{"@id":"https:\/\/dumaxsrl.com\/es\/#website"},"datePublished":"2024-07-23T11:59:03+00:00","dateModified":"2024-10-30T11:55:32+00:00","breadcrumb":{"@id":"https:\/\/dumaxsrl.com\/es\/barnices-uv\/#breadcrumb"},"inLanguage":"es","potentialAction":[{"@type":"ReadAction","target":["https:\/\/dumaxsrl.com\/es\/barnices-uv\/"]}]},{"@type":"BreadcrumbList","@id":"https:\/\/dumaxsrl.com\/es\/barnices-uv\/#breadcrumb","itemListElement":[{"@type":"ListItem","position":1,"name":"Home","item":"https:\/\/dumaxsrl.com\/es\/homepage\/"},{"@type":"ListItem","position":2,"name":"BARNICES UV"}]},{"@type":"WebSite","@id":"https:\/\/dumaxsrl.com\/es\/#website","url":"https:\/\/dumaxsrl.com\/es\/","name":"DUMAX SRL","description":"","potentialAction":[{"@type":"SearchAction","target":{"@type":"EntryPoint","urlTemplate":"https:\/\/dumaxsrl.com\/es\/?s={search_term_string}"},"query-input":{"@type":"PropertyValueSpecification","valueRequired":true,"valueName":"search_term_string"}}],"inLanguage":"es"}]}},"_links":{"self":[{"href":"https:\/\/dumaxsrl.com\/es\/wp-json\/wp\/v2\/pages\/993"}],"collection":[{"href":"https:\/\/dumaxsrl.com\/es\/wp-json\/wp\/v2\/pages"}],"about":[{"href":"https:\/\/dumaxsrl.com\/es\/wp-json\/wp\/v2\/types\/page"}],"author":[{"embeddable":true,"href":"https:\/\/dumaxsrl.com\/es\/wp-json\/wp\/v2\/users\/1"}],"replies":[{"embeddable":true,"href":"https:\/\/dumaxsrl.com\/es\/wp-json\/wp\/v2\/comments?post=993"}],"version-history":[{"count":4,"href":"https:\/\/dumaxsrl.com\/es\/wp-json\/wp\/v2\/pages\/993\/revisions"}],"predecessor-version":[{"id":1057,"href":"https:\/\/dumaxsrl.com\/es\/wp-json\/wp\/v2\/pages\/993\/revisions\/1057"}],"wp:attachment":[{"href":"https:\/\/dumaxsrl.com\/es\/wp-json\/wp\/v2\/media?parent=993"}],"curies":[{"name":"wp","href":"https:\/\/api.w.org\/{rel}","templated":true}]}}