{"id":998,"date":"2024-07-23T11:59:47","date_gmt":"2024-07-23T11:59:47","guid":{"rendered":"https:\/\/dumaxsrl.com\/?page_id=998"},"modified":"2024-10-29T09:26:13","modified_gmt":"2024-10-29T09:26:13","slug":"u-v-high-tech","status":"publish","type":"page","link":"https:\/\/dumaxsrl.com\/es\/u-v-high-tech\/","title":{"rendered":"U.V. HIGH TECH"},"content":{"rendered":"\n<style type=\"text\/css\" data-created_by=\"avia_inline_auto\" id=\"style-css-av-lxn7lsjj-2753d59fc4afe90ea8daa7b9bd6a7e08\">\n.avia-section.av-lxn7lsjj-2753d59fc4afe90ea8daa7b9bd6a7e08{\nbackground-repeat:no-repeat;\nbackground-image:url(https:\/\/dumaxsrl.com\/wp-content\/uploads\/2024\/10\/VERNICI-UV-TECH-3.jpg);\nbackground-position:50% 50%;\nbackground-attachment:scroll;\n}\n<\/style>\n<div id='av_section_1'  class='avia-section av-lxn7lsjj-2753d59fc4afe90ea8daa7b9bd6a7e08 main_color avia-section-default avia-no-border-styling  avia-builder-el-0  el_before_av_section  avia-builder-el-first  avia-full-stretch avia-bg-style-scroll av-minimum-height av-minimum-height-custom av-height-custom  container_wrap sidebar_right'  data-section-bg-repeat='stretch' data-av_minimum_height_px='350'><div class='container av-section-cont-open' style='height:350px'><main  role=\"main\" itemprop=\"mainContentOfPage\"  class='template-page content  av-content-small alpha units'><div class='post-entry post-entry-type-page post-entry-998'><div class='entry-content-wrapper clearfix'>\n<section  class='av_textblock_section av-lxn7lpnz-c36380ac675ce085c14be96f70f7cb29 '   itemscope=\"itemscope\" itemtype=\"https:\/\/schema.org\/CreativeWork\" ><div class='avia_textblock'  itemprop=\"text\" ><h2><span style=\"color: #ffffff; font-size: 36pt;\">U.V. HIGH TECH<\/span><\/h2>\n<\/div><\/section>\n<\/div><\/div><\/main><!-- close content main element --><\/div><\/div>\n<style type=\"text\/css\" data-created_by=\"avia_inline_auto\" id=\"style-css-av-dobxz-4696bf7a395fe76449ec6d4ef6d4ff48\">\n.avia-section.av-dobxz-4696bf7a395fe76449ec6d4ef6d4ff48{\nbackground-color:#fcfcfc;\nbackground-image:unset;\n}\n<\/style>\n<div id='av_section_2'  class='avia-section av-dobxz-4696bf7a395fe76449ec6d4ef6d4ff48 main_color avia-section-large avia-no-shadow  avia-builder-el-2  el_after_av_section  el_before_av_section  avia-bg-style-scroll container_wrap sidebar_right'  ><div class='container av-section-cont-open' ><div class='template-page content  av-content-small alpha units'><div class='post-entry post-entry-type-page post-entry-998'><div class='entry-content-wrapper clearfix'>\n<div class='flex_column_table av-lyyf0zq5-0f432dc4e6f469f901b4057a4a631f8d sc-av_one_half av-equal-height-column-flextable'><div  class='flex_column av-lyyf0zq5-0f432dc4e6f469f901b4057a4a631f8d av_one_half  avia-builder-el-3  el_before_av_one_half  avia-builder-el-first  first flex_column_table_cell av-equal-height-column av-align-middle  '     ><p>\n<style type=\"text\/css\" data-created_by=\"avia_inline_auto\" id=\"style-css-av-lyye54gx-9f1316a11458df767d4d4b4c70518dcf\">\n#top .av-special-heading.av-lyye54gx-9f1316a11458df767d4d4b4c70518dcf{\npadding-bottom:10px;\n}\nbody .av-special-heading.av-lyye54gx-9f1316a11458df767d4d4b4c70518dcf .av-special-heading-tag .heading-char{\nfont-size:25px;\n}\n.av-special-heading.av-lyye54gx-9f1316a11458df767d4d4b4c70518dcf .av-subheading{\nfont-size:15px;\n}\n<\/style>\n<div  class='av-special-heading av-lyye54gx-9f1316a11458df767d4d4b4c70518dcf av-special-heading-h3 blockquote modern-quote  avia-builder-el-4  el_before_av_textblock  avia-builder-el-first '><h3 class='av-special-heading-tag'  itemprop=\"headline\"  >ADHESION<\/h3><div class=\"special-heading-border\"><div class=\"special-heading-inner-border\"><\/div><\/div><\/div><br \/>\n<section  class='av_textblock_section av-lyye5hcq-bb7cc9c48302c23297a6dbc34f60b415 '   itemscope=\"itemscope\" itemtype=\"https:\/\/schema.org\/CreativeWork\" ><div class='avia_textblock'  itemprop=\"text\" ><p>Las barnices <strong>UV High tech<\/strong> se distinguen por optima adhesi\u00f3n al papel y al cart\u00f3n imprimidos.<\/p>\n<p>El cross cut adhesion test, metodo universalmente reconocido con la intenci\u00f3n de la valutaci\u00f3n del poder de adhesi\u00f3n de tintas\/barnices, ha demonstrado que el barniz UV HIGH TECH, sobre todos los tipos de imprenta (offset, roto offset, barniz a l\u2019agua y primer) no despega del suporte c\u00f3mo al contrario pasa con los barnices UV tradicionales.<\/p>\n<p><strong>VENTAJAS<\/strong><\/p>\n<ul>\n<li>Major estabilidad durante la fase de acordonamiento y plegadura<\/li>\n<li>Eliminaci\u00f3n del riesgo de formaci\u00f3n de las escamas peligrosas en cas de objectos manipulados por los ni\u0148os.<\/li>\n<li>Calidad superior de la manufactura finida.<\/li>\n<li>Major garant\u00eda en la recepti\u00f3n de estampillado a calor<\/li>\n<\/ul>\n<\/div><\/section><\/p><\/div><div class='av-flex-placeholder'><\/div><div  class='flex_column av-phfa7-91bdd3073c829af174ec9b8f847a4c55 av_one_half  avia-builder-el-6  el_after_av_one_half  avia-builder-el-last  flex_column_table_cell av-equal-height-column av-align-middle  '     ><style type=\"text\/css\" data-created_by=\"avia_inline_auto\" id=\"style-css-av-lyyf0iva-52f0d7871d59569e661d9f4b7dab8892\">\n.avia-image-container.av-lyyf0iva-52f0d7871d59569e661d9f4b7dab8892 img.avia_image{\nbox-shadow:none;\n}\n.avia-image-container.av-lyyf0iva-52f0d7871d59569e661d9f4b7dab8892 .av-image-caption-overlay-center{\ncolor:#ffffff;\n}\n<\/style>\n<div  class='avia-image-container av-lyyf0iva-52f0d7871d59569e661d9f4b7dab8892 av-styling- avia-align-center  avia-builder-el-7  avia-builder-el-no-sibling '   itemprop=\"image\" itemscope=\"itemscope\" itemtype=\"https:\/\/schema.org\/ImageObject\" ><div class=\"avia-image-container-inner\"><div class=\"avia-image-overlay-wrap\"><img decoding=\"async\" fetchpriority=\"high\" class='wp-image-771 avia-img-lazy-loading-not-771 avia_image ' src=\"https:\/\/dumaxsrl.com\/wp-content\/uploads\/2024\/07\/young-woman-lead-climbing-cave-with-beautiful-view.jpg\" alt='' title='young-woman-lead-climbing-cave-with-beautiful-view'  height=\"768\" width=\"1024\"  itemprop=\"thumbnailUrl\" srcset=\"https:\/\/dumaxsrl.com\/wp-content\/uploads\/2024\/07\/young-woman-lead-climbing-cave-with-beautiful-view.jpg 1024w, https:\/\/dumaxsrl.com\/wp-content\/uploads\/2024\/07\/young-woman-lead-climbing-cave-with-beautiful-view-300x225.jpg 300w, https:\/\/dumaxsrl.com\/wp-content\/uploads\/2024\/07\/young-woman-lead-climbing-cave-with-beautiful-view-768x576.jpg 768w, https:\/\/dumaxsrl.com\/wp-content\/uploads\/2024\/07\/young-woman-lead-climbing-cave-with-beautiful-view-705x529.jpg 705w\" sizes=\"(max-width: 1024px) 100vw, 1024px\" \/><\/div><\/div><\/div><\/div><\/div><!--close column table wrapper. Autoclose: 1 --><\/div><\/div><\/div><!-- close content main div --><\/div><\/div>\n<style type=\"text\/css\" data-created_by=\"avia_inline_auto\" id=\"style-css-av-lyyf3pjd-b7a01d69d61b96b0edc5bdcf56f22526\">\n.avia-section.av-lyyf3pjd-b7a01d69d61b96b0edc5bdcf56f22526{\nbackground-color:#eaeaea;\nbackground-image:unset;\n}\n<\/style>\n<div id='av_section_3'  class='avia-section av-lyyf3pjd-b7a01d69d61b96b0edc5bdcf56f22526 main_color avia-section-large avia-no-shadow  avia-builder-el-8  el_after_av_section  el_before_av_section  avia-bg-style-scroll container_wrap sidebar_right'  ><div class='container av-section-cont-open' ><div class='template-page content  av-content-small alpha units'><div class='post-entry post-entry-type-page post-entry-998'><div class='entry-content-wrapper clearfix'>\n<div class='flex_column_table av-lyyf2opq-1a999a5a8fb46f23b38f9d029fdff848 sc-av_one_half av-equal-height-column-flextable'><div  class='flex_column av-lyyf2opq-1a999a5a8fb46f23b38f9d029fdff848 av_one_half  avia-builder-el-9  el_before_av_one_half  avia-builder-el-first  first flex_column_table_cell av-equal-height-column av-align-middle  '     ><style type=\"text\/css\" data-created_by=\"avia_inline_auto\" id=\"style-css-av-lyyf2jnj-7a076c6a37e183f5238f86d9321a5777\">\n.avia-image-container.av-lyyf2jnj-7a076c6a37e183f5238f86d9321a5777 img.avia_image{\nbox-shadow:none;\n}\n.avia-image-container.av-lyyf2jnj-7a076c6a37e183f5238f86d9321a5777 .av-image-caption-overlay-center{\ncolor:#ffffff;\n}\n<\/style>\n<div  class='avia-image-container av-lyyf2jnj-7a076c6a37e183f5238f86d9321a5777 av-styling- avia-align-center  avia-builder-el-10  avia-builder-el-no-sibling '   itemprop=\"image\" itemscope=\"itemscope\" itemtype=\"https:\/\/schema.org\/ImageObject\" ><div class=\"avia-image-container-inner\"><div class=\"avia-image-overlay-wrap\"><img decoding=\"async\" fetchpriority=\"high\" class='wp-image-768 avia-img-lazy-loading-not-768 avia_image ' src=\"https:\/\/dumaxsrl.com\/wp-content\/uploads\/2024\/07\/pikaso_texttoimage_column-of-stones-and-sea-morning.jpg\" alt='' title='pikaso_texttoimage_column-of-stones-and-sea-morning'  height=\"768\" width=\"1024\"  itemprop=\"thumbnailUrl\" srcset=\"https:\/\/dumaxsrl.com\/wp-content\/uploads\/2024\/07\/pikaso_texttoimage_column-of-stones-and-sea-morning.jpg 1024w, https:\/\/dumaxsrl.com\/wp-content\/uploads\/2024\/07\/pikaso_texttoimage_column-of-stones-and-sea-morning-300x225.jpg 300w, https:\/\/dumaxsrl.com\/wp-content\/uploads\/2024\/07\/pikaso_texttoimage_column-of-stones-and-sea-morning-768x576.jpg 768w, https:\/\/dumaxsrl.com\/wp-content\/uploads\/2024\/07\/pikaso_texttoimage_column-of-stones-and-sea-morning-705x529.jpg 705w\" sizes=\"(max-width: 1024px) 100vw, 1024px\" \/><\/div><\/div><\/div><\/div><div class='av-flex-placeholder'><\/div><div  class='flex_column av-2bynj-81fa64c6a12062eef01d8c8d7a7cb5e1 av_one_half  avia-builder-el-11  el_after_av_one_half  avia-builder-el-last  flex_column_table_cell av-equal-height-column av-align-middle  '     ><p>\n<style type=\"text\/css\" data-created_by=\"avia_inline_auto\" id=\"style-css-av-lyye6fa1-6efd6ed30709b414ba34ac9ac3bad81d\">\n#top .av-special-heading.av-lyye6fa1-6efd6ed30709b414ba34ac9ac3bad81d{\npadding-bottom:10px;\n}\nbody .av-special-heading.av-lyye6fa1-6efd6ed30709b414ba34ac9ac3bad81d .av-special-heading-tag .heading-char{\nfont-size:25px;\n}\n.av-special-heading.av-lyye6fa1-6efd6ed30709b414ba34ac9ac3bad81d .av-subheading{\nfont-size:15px;\n}\n<\/style>\n<div  class='av-special-heading av-lyye6fa1-6efd6ed30709b414ba34ac9ac3bad81d av-special-heading-h3 blockquote modern-quote  avia-builder-el-12  el_before_av_textblock  avia-builder-el-first '><h3 class='av-special-heading-tag'  itemprop=\"headline\"  >ENCOLABILIDAD<\/h3><div class=\"special-heading-border\"><div class=\"special-heading-inner-border\"><\/div><\/div><\/div><br \/>\n<section  class='av_textblock_section av-lyye6u5y-7972d7685cb1eb6c28bf252efad9b591 '   itemscope=\"itemscope\" itemtype=\"https:\/\/schema.org\/CreativeWork\" ><div class='avia_textblock'  itemprop=\"text\" ><p>El barniz <strong>UV HIGH TECH<\/strong> puede ser encolada usando cola a base agua de normal utilizo en cartotecnica (es. cola Leuenberger C248)<\/p>\n<p>Ventajas:<\/p>\n<ul>\n<li>Posibilidad de utilizar las hojas destinadas a la formaci\u00f3n de cajas, estuches o otro tambi\u00e9n en cas de falta en el posicionamineto de las reservas.<\/li>\n<li>Reducci\u00f3n de costos y tiempo para la preparaci\u00f3n y regulaci\u00f3n de la maquina, determinada por la posibilidad de barnizar en lleno.<\/li>\n<\/ul>\n<\/div><\/section><\/p><\/div><\/div><!--close column table wrapper. Autoclose: 1 --><\/div><\/div><\/div><!-- close content main div --><\/div><\/div>\n<style type=\"text\/css\" data-created_by=\"avia_inline_auto\" id=\"style-css-av-e3pa7-f809c43bfaf4570335dfc29b51b56168\">\n.avia-section.av-e3pa7-f809c43bfaf4570335dfc29b51b56168{\nbackground-color:#fcfcfc;\nbackground-image:unset;\n}\n<\/style>\n<div id='av_section_4'  class='avia-section av-e3pa7-f809c43bfaf4570335dfc29b51b56168 main_color avia-section-large avia-no-shadow  avia-builder-el-14  el_after_av_section  avia-builder-el-last  avia-bg-style-scroll container_wrap sidebar_right'  ><div class='container av-section-cont-open' ><div class='template-page content  av-content-small alpha units'><div class='post-entry post-entry-type-page post-entry-998'><div class='entry-content-wrapper clearfix'>\n<div class='flex_column_table av-lyyf2u7v-92e64790fbc0e1c720b2fc4c0af4f032 sc-av_one_half av-equal-height-column-flextable'><div  class='flex_column av-lyyf2u7v-92e64790fbc0e1c720b2fc4c0af4f032 av_one_half  avia-builder-el-15  el_before_av_one_half  avia-builder-el-first  first flex_column_table_cell av-equal-height-column av-align-middle  '     ><p>\n<style type=\"text\/css\" data-created_by=\"avia_inline_auto\" id=\"style-css-av-lyye76se-b8389b04f9dce3a7fc5f18459fe6a1f0\">\n#top .av-special-heading.av-lyye76se-b8389b04f9dce3a7fc5f18459fe6a1f0{\npadding-bottom:10px;\n}\nbody .av-special-heading.av-lyye76se-b8389b04f9dce3a7fc5f18459fe6a1f0 .av-special-heading-tag .heading-char{\nfont-size:25px;\n}\n.av-special-heading.av-lyye76se-b8389b04f9dce3a7fc5f18459fe6a1f0 .av-subheading{\nfont-size:15px;\n}\n<\/style>\n<div  class='av-special-heading av-lyye76se-b8389b04f9dce3a7fc5f18459fe6a1f0 av-special-heading-h3 blockquote modern-quote  avia-builder-el-16  el_before_av_textblock  avia-builder-el-first '><h3 class='av-special-heading-tag'  itemprop=\"headline\"  >AHORRO<\/h3><div class=\"special-heading-border\"><div class=\"special-heading-inner-border\"><\/div><\/div><\/div><br \/>\n<section  class='av_textblock_section av-lyye7rm8-d339b173ec35149391214d16c41157ad '   itemscope=\"itemscope\" itemtype=\"https:\/\/schema.org\/CreativeWork\" ><div class='avia_textblock'  itemprop=\"text\" ><p>El barniz <strong>UV HIGH TECH<\/strong>, gracias al elevado flotamiento asegura un ahorro evaluable.<\/p>\n<p>De la comparaci\u00f3n en maquina entre un barniz UV tradicional cualquier presente ahora sobre el mercado con viscosidad 60\u201d (DIN 4 25\u00b0C) y el barniz UV HIGH TECH con viscosidad 38\u201d (DIN 4 25\u00b0C) es evidente que el\u00a0 barniz UV tradicional penetre en el suporte mucho m\u00e0s aunque tenga una viscosidad casi doble.<\/p>\n<p>La elevada penetraci\u00f3n es responsabile de un elevado consumo del barniz mismo y de la posible necesidad de agregar el flotador (aditivo muy caro) y tambi\u00e9n del malo olor residuo en las hojas.<\/p>\n<p>De hecho, en caso de pentraci\u00f3n, las part\u00edculas no reciben los rayos U.V. y por lo tanto no se polimerizan causando el t\u00edpico olor residual en las hojas.<\/p>\n<p>Con el barniz UV HIGH TECH es posible trabajar a viscosidades inferiores en comparci\u00f3n de lo que pasa con los barnices tradicionales, en mejorando la aplicaci\u00f3n y el brillo<\/p>\n<p><strong>Ventajas:<\/strong><\/p>\n<ul>\n<li>Reducci\u00f3n de 20 \u2013 25% del consumo industrial del barniz<\/li>\n<li>Reducci\u00f3n del olor en las hojas y por lo tanto en los materiales con los cuales el suporte puede venir en contacto<\/li>\n<li>Ahorro en la inversi\u00f3n econ\u00f3mica gracias a la eliminaci\u00f3n de los costos para los aditivos.<\/li>\n<li>Uniformidad del brillo sobre toda la hoja (sobre la parte imprimida y no imprimida)<\/li>\n<\/ul>\n<\/div><\/section><\/p><\/div><div class='av-flex-placeholder'><\/div><div  class='flex_column av-8zl73-8a76db8d561f9bfe478cdb502e3be202 av_one_half  avia-builder-el-18  el_after_av_one_half  avia-builder-el-last  flex_column_table_cell av-equal-height-column av-align-middle  '     ><style type=\"text\/css\" data-created_by=\"avia_inline_auto\" id=\"style-css-av-lyyf30b7-45c9b1a69f9efcc4fb0e756d302aa549\">\n.avia-image-container.av-lyyf30b7-45c9b1a69f9efcc4fb0e756d302aa549 img.avia_image{\nbox-shadow:none;\n}\n.avia-image-container.av-lyyf30b7-45c9b1a69f9efcc4fb0e756d302aa549 .av-image-caption-overlay-center{\ncolor:#ffffff;\n}\n<\/style>\n<div  class='avia-image-container av-lyyf30b7-45c9b1a69f9efcc4fb0e756d302aa549 av-styling- avia-align-center  avia-builder-el-19  avia-builder-el-no-sibling '   itemprop=\"image\" itemscope=\"itemscope\" itemtype=\"https:\/\/schema.org\/ImageObject\" ><div class=\"avia-image-container-inner\"><div class=\"avia-image-overlay-wrap\"><img decoding=\"async\" fetchpriority=\"high\" class='wp-image-765 avia-img-lazy-loading-not-765 avia_image ' src=\"https:\/\/dumaxsrl.com\/wp-content\/uploads\/2024\/07\/abstract-financial-freedom-still-life-assortment.jpg\" alt='' title='abstract-financial-freedom-still-life-assortment'  height=\"768\" width=\"1024\"  itemprop=\"thumbnailUrl\" srcset=\"https:\/\/dumaxsrl.com\/wp-content\/uploads\/2024\/07\/abstract-financial-freedom-still-life-assortment.jpg 1024w, https:\/\/dumaxsrl.com\/wp-content\/uploads\/2024\/07\/abstract-financial-freedom-still-life-assortment-300x225.jpg 300w, https:\/\/dumaxsrl.com\/wp-content\/uploads\/2024\/07\/abstract-financial-freedom-still-life-assortment-768x576.jpg 768w, https:\/\/dumaxsrl.com\/wp-content\/uploads\/2024\/07\/abstract-financial-freedom-still-life-assortment-705x529.jpg 705w\" sizes=\"(max-width: 1024px) 100vw, 1024px\" \/><\/div><\/div><\/div><\/div><\/div><!--close column table wrapper. Autoclose: 1 --><\/div><\/div><\/div><!-- close content main div --><\/div><\/div><div id='after_section_4'  class='main_color av_default_container_wrap container_wrap sidebar_right'  ><div class='container av-section-cont-open' ><div class='template-page content  av-content-small alpha units'><div class='post-entry post-entry-type-page post-entry-998'><div class='entry-content-wrapper clearfix'><\/p>\n","protected":false},"excerpt":{"rendered":"","protected":false},"author":1,"featured_media":0,"parent":0,"menu_order":0,"comment_status":"closed","ping_status":"closed","template":"","meta":{"footnotes":""},"yoast_head":"<!-- This site is optimized with the Yoast SEO plugin v23.7 - https:\/\/yoast.com\/wordpress\/plugins\/seo\/ -->\n<title>U.V. HIGH TECH - DUMAX SRL<\/title>\n<meta name=\"robots\" content=\"index, follow, max-snippet:-1, max-image-preview:large, max-video-preview:-1\" \/>\n<link rel=\"canonical\" href=\"https:\/\/dumaxsrl.com\/es\/u-v-high-tech\/\" \/>\n<meta property=\"og:locale\" content=\"es_ES\" \/>\n<meta property=\"og:type\" content=\"article\" \/>\n<meta property=\"og:title\" content=\"U.V. HIGH TECH - DUMAX SRL\" \/>\n<meta property=\"og:url\" content=\"https:\/\/dumaxsrl.com\/es\/u-v-high-tech\/\" \/>\n<meta property=\"og:site_name\" content=\"DUMAX SRL\" \/>\n<meta property=\"article:modified_time\" content=\"2024-10-29T09:26:13+00:00\" \/>\n<meta name=\"twitter:card\" content=\"summary_large_image\" \/>\n<meta name=\"twitter:label1\" content=\"Tiempo de lectura\" \/>\n\t<meta name=\"twitter:data1\" content=\"3 minutos\" \/>\n<script type=\"application\/ld+json\" class=\"yoast-schema-graph\">{\"@context\":\"https:\/\/schema.org\",\"@graph\":[{\"@type\":\"WebPage\",\"@id\":\"https:\/\/dumaxsrl.com\/es\/u-v-high-tech\/\",\"url\":\"https:\/\/dumaxsrl.com\/es\/u-v-high-tech\/\",\"name\":\"U.V. HIGH TECH - DUMAX SRL\",\"isPartOf\":{\"@id\":\"https:\/\/dumaxsrl.com\/es\/#website\"},\"datePublished\":\"2024-07-23T11:59:47+00:00\",\"dateModified\":\"2024-10-29T09:26:13+00:00\",\"breadcrumb\":{\"@id\":\"https:\/\/dumaxsrl.com\/es\/u-v-high-tech\/#breadcrumb\"},\"inLanguage\":\"es\",\"potentialAction\":[{\"@type\":\"ReadAction\",\"target\":[\"https:\/\/dumaxsrl.com\/es\/u-v-high-tech\/\"]}]},{\"@type\":\"BreadcrumbList\",\"@id\":\"https:\/\/dumaxsrl.com\/es\/u-v-high-tech\/#breadcrumb\",\"itemListElement\":[{\"@type\":\"ListItem\",\"position\":1,\"name\":\"Home\",\"item\":\"https:\/\/dumaxsrl.com\/es\/homepage\/\"},{\"@type\":\"ListItem\",\"position\":2,\"name\":\"U.V. HIGH TECH\"}]},{\"@type\":\"WebSite\",\"@id\":\"https:\/\/dumaxsrl.com\/es\/#website\",\"url\":\"https:\/\/dumaxsrl.com\/es\/\",\"name\":\"DUMAX SRL\",\"description\":\"\",\"potentialAction\":[{\"@type\":\"SearchAction\",\"target\":{\"@type\":\"EntryPoint\",\"urlTemplate\":\"https:\/\/dumaxsrl.com\/es\/?s={search_term_string}\"},\"query-input\":{\"@type\":\"PropertyValueSpecification\",\"valueRequired\":true,\"valueName\":\"search_term_string\"}}],\"inLanguage\":\"es\"}]}<\/script>\n<!-- \/ Yoast SEO plugin. -->","yoast_head_json":{"title":"U.V. HIGH TECH - DUMAX SRL","robots":{"index":"index","follow":"follow","max-snippet":"max-snippet:-1","max-image-preview":"max-image-preview:large","max-video-preview":"max-video-preview:-1"},"canonical":"https:\/\/dumaxsrl.com\/es\/u-v-high-tech\/","og_locale":"es_ES","og_type":"article","og_title":"U.V. HIGH TECH - DUMAX SRL","og_url":"https:\/\/dumaxsrl.com\/es\/u-v-high-tech\/","og_site_name":"DUMAX SRL","article_modified_time":"2024-10-29T09:26:13+00:00","twitter_card":"summary_large_image","twitter_misc":{"Tiempo de lectura":"3 minutos"},"schema":{"@context":"https:\/\/schema.org","@graph":[{"@type":"WebPage","@id":"https:\/\/dumaxsrl.com\/es\/u-v-high-tech\/","url":"https:\/\/dumaxsrl.com\/es\/u-v-high-tech\/","name":"U.V. HIGH TECH - DUMAX SRL","isPartOf":{"@id":"https:\/\/dumaxsrl.com\/es\/#website"},"datePublished":"2024-07-23T11:59:47+00:00","dateModified":"2024-10-29T09:26:13+00:00","breadcrumb":{"@id":"https:\/\/dumaxsrl.com\/es\/u-v-high-tech\/#breadcrumb"},"inLanguage":"es","potentialAction":[{"@type":"ReadAction","target":["https:\/\/dumaxsrl.com\/es\/u-v-high-tech\/"]}]},{"@type":"BreadcrumbList","@id":"https:\/\/dumaxsrl.com\/es\/u-v-high-tech\/#breadcrumb","itemListElement":[{"@type":"ListItem","position":1,"name":"Home","item":"https:\/\/dumaxsrl.com\/es\/homepage\/"},{"@type":"ListItem","position":2,"name":"U.V. HIGH TECH"}]},{"@type":"WebSite","@id":"https:\/\/dumaxsrl.com\/es\/#website","url":"https:\/\/dumaxsrl.com\/es\/","name":"DUMAX SRL","description":"","potentialAction":[{"@type":"SearchAction","target":{"@type":"EntryPoint","urlTemplate":"https:\/\/dumaxsrl.com\/es\/?s={search_term_string}"},"query-input":{"@type":"PropertyValueSpecification","valueRequired":true,"valueName":"search_term_string"}}],"inLanguage":"es"}]}},"_links":{"self":[{"href":"https:\/\/dumaxsrl.com\/es\/wp-json\/wp\/v2\/pages\/998"}],"collection":[{"href":"https:\/\/dumaxsrl.com\/es\/wp-json\/wp\/v2\/pages"}],"about":[{"href":"https:\/\/dumaxsrl.com\/es\/wp-json\/wp\/v2\/types\/page"}],"author":[{"embeddable":true,"href":"https:\/\/dumaxsrl.com\/es\/wp-json\/wp\/v2\/users\/1"}],"replies":[{"embeddable":true,"href":"https:\/\/dumaxsrl.com\/es\/wp-json\/wp\/v2\/comments?post=998"}],"version-history":[{"count":3,"href":"https:\/\/dumaxsrl.com\/es\/wp-json\/wp\/v2\/pages\/998\/revisions"}],"predecessor-version":[{"id":1000,"href":"https:\/\/dumaxsrl.com\/es\/wp-json\/wp\/v2\/pages\/998\/revisions\/1000"}],"wp:attachment":[{"href":"https:\/\/dumaxsrl.com\/es\/wp-json\/wp\/v2\/media?parent=998"}],"curies":[{"name":"wp","href":"https:\/\/api.w.org\/{rel}","templated":true}]}}