{"id":932,"date":"2015-10-21T12:34:01","date_gmt":"2015-10-21T12:34:01","guid":{"rendered":"https:\/\/dumaxsrl.com\/azienda\/"},"modified":"2024-10-29T08:42:16","modified_gmt":"2024-10-29T08:42:16","slug":"qui-somme-nous","status":"publish","type":"page","link":"https:\/\/dumaxsrl.com\/fr\/qui-somme-nous\/","title":{"rendered":"QUI SOMME NOUS"},"content":{"rendered":"\n<style type=\"text\/css\" data-created_by=\"avia_inline_auto\" id=\"style-css-av-lxn7lsjj-e91ff7dba849488ab3a522ef3c4a4578\">\n.avia-section.av-lxn7lsjj-e91ff7dba849488ab3a522ef3c4a4578{\nbackground-repeat:no-repeat;\nbackground-image:url(https:\/\/dumaxsrl.com\/wp-content\/uploads\/2024\/06\/VERNICI-UV.jpg);\nbackground-position:50% 50%;\nbackground-attachment:scroll;\n}\n<\/style>\n<div id='av_section_1'  class='avia-section av-lxn7lsjj-e91ff7dba849488ab3a522ef3c4a4578 main_color avia-section-default avia-no-border-styling  avia-builder-el-0  el_before_av_section  avia-builder-el-first  avia-full-stretch avia-bg-style-scroll av-minimum-height av-minimum-height-custom av-height-custom  container_wrap sidebar_right'  data-section-bg-repeat='stretch' data-av_minimum_height_px='350'><div class='container av-section-cont-open' style='height:350px'><main  role=\"main\" itemprop=\"mainContentOfPage\"  class='template-page content  av-content-small alpha units'><div class='post-entry post-entry-type-page post-entry-932'><div class='entry-content-wrapper clearfix'>\n<section  class='av_textblock_section av-lxn7lpnz-c36380ac675ce085c14be96f70f7cb29 '   itemscope=\"itemscope\" itemtype=\"https:\/\/schema.org\/CreativeWork\" ><div class='avia_textblock'  itemprop=\"text\" ><h2>QUI SOMME NOUS<\/h2>\n<\/div><\/section>\n<\/div><\/div><\/main><!-- close content main element --><\/div><\/div>\n<style type=\"text\/css\" data-created_by=\"avia_inline_auto\" id=\"style-css-av-dobxz-4696bf7a395fe76449ec6d4ef6d4ff48\">\n.avia-section.av-dobxz-4696bf7a395fe76449ec6d4ef6d4ff48{\nbackground-color:#fcfcfc;\nbackground-image:unset;\n}\n<\/style>\n<div id='av_section_2'  class='avia-section av-dobxz-4696bf7a395fe76449ec6d4ef6d4ff48 main_color avia-section-large avia-no-shadow  avia-builder-el-2  el_after_av_section  avia-builder-el-last  avia-bg-style-scroll container_wrap sidebar_right'  ><div class='container av-section-cont-open' ><div class='template-page content  av-content-small alpha units'><div class='post-entry post-entry-type-page post-entry-932'><div class='entry-content-wrapper clearfix'>\n<div  class='flex_column av-wuqn-2389f6a59280169b15ddc0f9bdd7971f av_one_third  avia-builder-el-3  el_before_av_two_third  avia-builder-el-first  first flex_column_div  '     ><style type=\"text\/css\" data-created_by=\"avia_inline_auto\" id=\"style-css-av-lyyfutod-6a2c693fcaf8b2941a260f841fb445c2\">\n.avia-image-container.av-lyyfutod-6a2c693fcaf8b2941a260f841fb445c2 img.avia_image{\nbox-shadow:none;\n}\n.avia-image-container.av-lyyfutod-6a2c693fcaf8b2941a260f841fb445c2 .av-image-caption-overlay-center{\ncolor:#ffffff;\n}\n<\/style>\n<div  class='avia-image-container av-lyyfutod-6a2c693fcaf8b2941a260f841fb445c2 av-styling- avia-align-center  avia-builder-el-4  avia-builder-el-no-sibling '   itemprop=\"image\" itemscope=\"itemscope\" itemtype=\"https:\/\/schema.org\/ImageObject\" ><div class=\"avia-image-container-inner\"><div class=\"avia-image-overlay-wrap\"><img decoding=\"async\" fetchpriority=\"high\" class='wp-image-725 avia-img-lazy-loading-not-725 avia_image ' src=\"https:\/\/dumaxsrl.com\/wp-content\/uploads\/2024\/06\/logo-300x138.jpg\" alt='' title='logo'  height=\"138\" width=\"300\"  itemprop=\"thumbnailUrl\" srcset=\"https:\/\/dumaxsrl.com\/wp-content\/uploads\/2024\/06\/logo-300x138.jpg 300w, https:\/\/dumaxsrl.com\/wp-content\/uploads\/2024\/06\/logo.jpg 340w\" sizes=\"(max-width: 300px) 100vw, 300px\" \/><\/div><\/div><\/div><\/div><div  class='flex_column av-lyyfvbyt-2c60b2119fe7c7cbde5681b956b35749 av_two_third  avia-builder-el-5  el_after_av_one_third  el_before_av_two_third  flex_column_div  '     ><style type=\"text\/css\" data-created_by=\"avia_inline_auto\" id=\"style-css-av-18wuf-3e9e74011dba092d442b540b479ba3ed\">\n#top .av_textblock_section.av-18wuf-3e9e74011dba092d442b540b479ba3ed .avia_textblock{\nfont-size:18px;\ncolor:#0a0a0a;\n}\n<\/style>\n<section  class='av_textblock_section av-18wuf-3e9e74011dba092d442b540b479ba3ed '   itemscope=\"itemscope\" itemtype=\"https:\/\/schema.org\/CreativeWork\" ><div class='avia_textblock av_inherit_color'  itemprop=\"text\" ><p>Notre entreprise, n\u00e9e en 1951, a concentr\u00e9 son attention sur le secteur des arts graphiques. Pendant 20 ans nous avons produit des vernis \u00e0 base de solvant, en partie de finissage, en partie \u00e0 calandrer, appliqu\u00e9s avec des machines vernisseuses \u00e0 rouleau et des machines flexo.<\/p>\n<p>A la fin des ann\u00e9es soixante-dix, quand les mati\u00e8res premi\u00e8res polym\u00e9risables UV sont apparues sur le march\u00e9, notre soci\u00e9t\u00e9 a quitt\u00e9 les vieux syst\u00e8mes et a canalis\u00e9 ses \u00e9nergies vers de nouvelles technologies.<\/p>\n<\/div><\/section><\/div><div class='flex_column_table av-22f6v-89ecced4e6aaa9b8fa98d9f605d97cce sc-av_two_third av-equal-height-column-flextable'><div  class='flex_column av-22f6v-89ecced4e6aaa9b8fa98d9f605d97cce av_two_third  avia-builder-el-7  el_after_av_two_third  el_before_av_one_third  first flex_column_table_cell av-equal-height-column av-align-middle  column-top-margin'     ><style type=\"text\/css\" data-created_by=\"avia_inline_auto\" id=\"style-css-av-lz8hdoyr-7389c32af69b21332205e29e1873a7cb\">\n#top .av_textblock_section.av-lz8hdoyr-7389c32af69b21332205e29e1873a7cb .avia_textblock{\nfont-size:18px;\ncolor:#0a0a0a;\n}\n<\/style>\n<section  class='av_textblock_section av-lz8hdoyr-7389c32af69b21332205e29e1873a7cb '   itemscope=\"itemscope\" itemtype=\"https:\/\/schema.org\/CreativeWork\" ><div class='avia_textblock av_inherit_color'  itemprop=\"text\" ><p>Aujourd\u2019hui nous produisons des vernis UV indiqu\u00e9s pour tous les types de machines vernisseuses et pour l\u2019imprimerie. En plus nous produisons des Adh\u00e9sifs UV pour la lamination du papier avec OPP, du papier avec ac\u00e9tate de cellulose et du papier avec de polyester.<\/p>\n<p>Actuellement nous vendons nos produits pas seulement sur le march\u00e9 italien et en Europe, mais aussi en Asie et en Am\u00e9rique du Sud.<\/p>\n<\/div><\/section><\/div><div class='av-flex-placeholder'><\/div><div  class='flex_column av-19xf3-42ee38823a4fcefd4686c13a37705d47 av_one_third  avia-builder-el-9  el_after_av_two_third  avia-builder-el-last  flex_column_table_cell av-equal-height-column av-align-middle  column-top-margin'     ><style type=\"text\/css\" data-created_by=\"avia_inline_auto\" id=\"style-css-av-y0sj-ca0382671b00129d7ac0b912a78608e3\">\n.avia-image-container.av-y0sj-ca0382671b00129d7ac0b912a78608e3 img.avia_image{\nbox-shadow:none;\n}\n.avia-image-container.av-y0sj-ca0382671b00129d7ac0b912a78608e3 .av-image-caption-overlay-center{\ncolor:#ffffff;\n}\n<\/style>\n<div  class='avia-image-container av-y0sj-ca0382671b00129d7ac0b912a78608e3 av-styling- avia-align-center  avia-builder-el-10  avia-builder-el-no-sibling '   itemprop=\"image\" itemscope=\"itemscope\" itemtype=\"https:\/\/schema.org\/ImageObject\" ><div class=\"avia-image-container-inner\"><div class=\"avia-image-overlay-wrap\"><img decoding=\"async\" fetchpriority=\"high\" class='wp-image-791 avia-img-lazy-loading-not-791 avia_image ' src=\"https:\/\/dumaxsrl.com\/wp-content\/uploads\/2024\/07\/certificazioni-1.jpg\" alt='' title='certificazioni'  height=\"266\" width=\"734\"  itemprop=\"thumbnailUrl\" srcset=\"https:\/\/dumaxsrl.com\/wp-content\/uploads\/2024\/07\/certificazioni-1.jpg 734w, https:\/\/dumaxsrl.com\/wp-content\/uploads\/2024\/07\/certificazioni-1-300x109.jpg 300w, https:\/\/dumaxsrl.com\/wp-content\/uploads\/2024\/07\/certificazioni-1-705x255.jpg 705w\" sizes=\"(max-width: 734px) 100vw, 734px\" \/><\/div><\/div><\/div><\/div><\/div><!--close column table wrapper. Autoclose: 1 --><\/div><\/div><\/div><!-- close content main div --><\/div><\/div><div id='after_section_2'  class='main_color av_default_container_wrap container_wrap sidebar_right'  ><div class='container av-section-cont-open' ><div class='template-page content  av-content-small alpha units'><div class='post-entry post-entry-type-page post-entry-932'><div class='entry-content-wrapper clearfix'><\/p>\n","protected":false},"excerpt":{"rendered":"","protected":false},"author":1,"featured_media":0,"parent":0,"menu_order":0,"comment_status":"closed","ping_status":"closed","template":"","meta":{"footnotes":""},"yoast_head":"<!-- This site is optimized with the Yoast SEO plugin v23.7 - https:\/\/yoast.com\/wordpress\/plugins\/seo\/ -->\n<title>QUI SOMME NOUS - DUMAX SRL<\/title>\n<meta name=\"robots\" content=\"index, follow, max-snippet:-1, max-image-preview:large, max-video-preview:-1\" \/>\n<link rel=\"canonical\" href=\"https:\/\/dumaxsrl.com\/fr\/qui-somme-nous\/\" \/>\n<meta property=\"og:locale\" content=\"fr_FR\" \/>\n<meta property=\"og:type\" content=\"article\" \/>\n<meta property=\"og:title\" content=\"QUI SOMME NOUS - DUMAX SRL\" \/>\n<meta property=\"og:url\" content=\"https:\/\/dumaxsrl.com\/fr\/qui-somme-nous\/\" \/>\n<meta property=\"og:site_name\" content=\"DUMAX SRL\" \/>\n<meta property=\"article:modified_time\" content=\"2024-10-29T08:42:16+00:00\" \/>\n<meta name=\"twitter:card\" content=\"summary_large_image\" \/>\n<meta name=\"twitter:label1\" content=\"Dur\u00e9e de lecture estim\u00e9e\" \/>\n\t<meta name=\"twitter:data1\" content=\"2 minutes\" \/>\n<script type=\"application\/ld+json\" class=\"yoast-schema-graph\">{\"@context\":\"https:\/\/schema.org\",\"@graph\":[{\"@type\":\"WebPage\",\"@id\":\"https:\/\/dumaxsrl.com\/fr\/qui-somme-nous\/\",\"url\":\"https:\/\/dumaxsrl.com\/fr\/qui-somme-nous\/\",\"name\":\"QUI SOMME NOUS - DUMAX SRL\",\"isPartOf\":{\"@id\":\"https:\/\/dumaxsrl.com\/fr\/#website\"},\"datePublished\":\"2015-10-21T12:34:01+00:00\",\"dateModified\":\"2024-10-29T08:42:16+00:00\",\"breadcrumb\":{\"@id\":\"https:\/\/dumaxsrl.com\/fr\/qui-somme-nous\/#breadcrumb\"},\"inLanguage\":\"fr-FR\",\"potentialAction\":[{\"@type\":\"ReadAction\",\"target\":[\"https:\/\/dumaxsrl.com\/fr\/qui-somme-nous\/\"]}]},{\"@type\":\"BreadcrumbList\",\"@id\":\"https:\/\/dumaxsrl.com\/fr\/qui-somme-nous\/#breadcrumb\",\"itemListElement\":[{\"@type\":\"ListItem\",\"position\":1,\"name\":\"Home\",\"item\":\"https:\/\/dumaxsrl.com\/fr\/\"},{\"@type\":\"ListItem\",\"position\":2,\"name\":\"QUI SOMME NOUS\"}]},{\"@type\":\"WebSite\",\"@id\":\"https:\/\/dumaxsrl.com\/fr\/#website\",\"url\":\"https:\/\/dumaxsrl.com\/fr\/\",\"name\":\"DUMAX SRL\",\"description\":\"\",\"potentialAction\":[{\"@type\":\"SearchAction\",\"target\":{\"@type\":\"EntryPoint\",\"urlTemplate\":\"https:\/\/dumaxsrl.com\/fr\/?s={search_term_string}\"},\"query-input\":{\"@type\":\"PropertyValueSpecification\",\"valueRequired\":true,\"valueName\":\"search_term_string\"}}],\"inLanguage\":\"fr-FR\"}]}<\/script>\n<!-- \/ Yoast SEO plugin. -->","yoast_head_json":{"title":"QUI SOMME NOUS - DUMAX SRL","robots":{"index":"index","follow":"follow","max-snippet":"max-snippet:-1","max-image-preview":"max-image-preview:large","max-video-preview":"max-video-preview:-1"},"canonical":"https:\/\/dumaxsrl.com\/fr\/qui-somme-nous\/","og_locale":"fr_FR","og_type":"article","og_title":"QUI SOMME NOUS - DUMAX SRL","og_url":"https:\/\/dumaxsrl.com\/fr\/qui-somme-nous\/","og_site_name":"DUMAX SRL","article_modified_time":"2024-10-29T08:42:16+00:00","twitter_card":"summary_large_image","twitter_misc":{"Dur\u00e9e de lecture estim\u00e9e":"2 minutes"},"schema":{"@context":"https:\/\/schema.org","@graph":[{"@type":"WebPage","@id":"https:\/\/dumaxsrl.com\/fr\/qui-somme-nous\/","url":"https:\/\/dumaxsrl.com\/fr\/qui-somme-nous\/","name":"QUI SOMME NOUS - DUMAX SRL","isPartOf":{"@id":"https:\/\/dumaxsrl.com\/fr\/#website"},"datePublished":"2015-10-21T12:34:01+00:00","dateModified":"2024-10-29T08:42:16+00:00","breadcrumb":{"@id":"https:\/\/dumaxsrl.com\/fr\/qui-somme-nous\/#breadcrumb"},"inLanguage":"fr-FR","potentialAction":[{"@type":"ReadAction","target":["https:\/\/dumaxsrl.com\/fr\/qui-somme-nous\/"]}]},{"@type":"BreadcrumbList","@id":"https:\/\/dumaxsrl.com\/fr\/qui-somme-nous\/#breadcrumb","itemListElement":[{"@type":"ListItem","position":1,"name":"Home","item":"https:\/\/dumaxsrl.com\/fr\/"},{"@type":"ListItem","position":2,"name":"QUI SOMME NOUS"}]},{"@type":"WebSite","@id":"https:\/\/dumaxsrl.com\/fr\/#website","url":"https:\/\/dumaxsrl.com\/fr\/","name":"DUMAX SRL","description":"","potentialAction":[{"@type":"SearchAction","target":{"@type":"EntryPoint","urlTemplate":"https:\/\/dumaxsrl.com\/fr\/?s={search_term_string}"},"query-input":{"@type":"PropertyValueSpecification","valueRequired":true,"valueName":"search_term_string"}}],"inLanguage":"fr-FR"}]}},"_links":{"self":[{"href":"https:\/\/dumaxsrl.com\/fr\/wp-json\/wp\/v2\/pages\/932"}],"collection":[{"href":"https:\/\/dumaxsrl.com\/fr\/wp-json\/wp\/v2\/pages"}],"about":[{"href":"https:\/\/dumaxsrl.com\/fr\/wp-json\/wp\/v2\/types\/page"}],"author":[{"embeddable":true,"href":"https:\/\/dumaxsrl.com\/fr\/wp-json\/wp\/v2\/users\/1"}],"replies":[{"embeddable":true,"href":"https:\/\/dumaxsrl.com\/fr\/wp-json\/wp\/v2\/comments?post=932"}],"version-history":[{"count":3,"href":"https:\/\/dumaxsrl.com\/fr\/wp-json\/wp\/v2\/pages\/932\/revisions"}],"predecessor-version":[{"id":933,"href":"https:\/\/dumaxsrl.com\/fr\/wp-json\/wp\/v2\/pages\/932\/revisions\/933"}],"wp:attachment":[{"href":"https:\/\/dumaxsrl.com\/fr\/wp-json\/wp\/v2\/media?parent=932"}],"curies":[{"name":"wp","href":"https:\/\/api.w.org\/{rel}","templated":true}]}}