{"id":952,"date":"2024-07-23T12:00:51","date_gmt":"2024-07-23T12:00:51","guid":{"rendered":"https:\/\/dumaxsrl.com\/?page_id=952"},"modified":"2024-10-29T08:51:02","modified_gmt":"2024-10-29T08:51:02","slug":"produits-pour-lemallage-alimentaire","status":"publish","type":"page","link":"https:\/\/dumaxsrl.com\/fr\/produits-pour-lemallage-alimentaire\/","title":{"rendered":"PRODUITS POUR L\u2019EMALLAGE ALIMENTAIRE"},"content":{"rendered":"\n<style type=\"text\/css\" data-created_by=\"avia_inline_auto\" id=\"style-css-av-lxn7lsjj-941afc4c05773968900d5a61115d6553\">\n.avia-section.av-lxn7lsjj-941afc4c05773968900d5a61115d6553{\nbackground-repeat:no-repeat;\nbackground-image:url(https:\/\/dumaxsrl.com\/wp-content\/uploads\/2024\/08\/food2s.jpg);\nbackground-position:50% 50%;\nbackground-attachment:scroll;\n}\n.avia-section.av-lxn7lsjj-941afc4c05773968900d5a61115d6553 .av-section-color-overlay{\nopacity:0.8;\nbackground-color:#ffffff;\n}\n<\/style>\n<div id='av_section_1'  class='avia-section av-lxn7lsjj-941afc4c05773968900d5a61115d6553 main_color avia-section-default avia-no-border-styling  avia-builder-el-0  el_before_av_section  avia-builder-el-first  avia-full-stretch avia-bg-style-scroll av-section-color-overlay-active av-minimum-height av-minimum-height-custom av-height-custom  container_wrap sidebar_right'  data-section-bg-repeat='stretch' data-av_minimum_height_px='350'><div class=\"av-section-color-overlay-wrap\"><div class=\"av-section-color-overlay\"><\/div><div class='container av-section-cont-open' style='height:350px'><main  role=\"main\" itemprop=\"mainContentOfPage\"  class='template-page content  av-content-small alpha units'><div class='post-entry post-entry-type-page post-entry-952'><div class='entry-content-wrapper clearfix'>\n<section  class='av_textblock_section av-lxn7lpnz-c36380ac675ce085c14be96f70f7cb29 '   itemscope=\"itemscope\" itemtype=\"https:\/\/schema.org\/CreativeWork\" ><div class='avia_textblock'  itemprop=\"text\" ><h2 class=\"p1\"><span style=\"font-size: 36pt;\">PRODUITS POUR L\u2019EMALLAGE ALIMENTAIRE<\/span><\/h2>\n<\/div><\/section>\n<\/div><\/div><\/main><!-- close content main element --><\/div><\/div><\/div>\n<style type=\"text\/css\" data-created_by=\"avia_inline_auto\" id=\"style-css-av-dobxz-4696bf7a395fe76449ec6d4ef6d4ff48\">\n.avia-section.av-dobxz-4696bf7a395fe76449ec6d4ef6d4ff48{\nbackground-color:#fcfcfc;\nbackground-image:unset;\n}\n<\/style>\n<div id='av_section_2'  class='avia-section av-dobxz-4696bf7a395fe76449ec6d4ef6d4ff48 main_color avia-section-large avia-no-shadow  avia-builder-el-2  el_after_av_section  avia-builder-el-last  avia-bg-style-scroll container_wrap sidebar_right'  ><div class='container av-section-cont-open' ><div class='template-page content  av-content-small alpha units'><div class='post-entry post-entry-type-page post-entry-952'><div class='entry-content-wrapper clearfix'>\n<div class='flex_column_table av-lz8ih7w9-248bc3c0ce7193513915b602ae3ba46e sc-av_two_fifth av-equal-height-column-flextable'><div  class='flex_column av-lz8ih7w9-248bc3c0ce7193513915b602ae3ba46e av_two_fifth  avia-builder-el-3  el_before_av_three_fifth  avia-builder-el-first  first flex_column_table_cell av-equal-height-column av-align-middle  '     ><style type=\"text\/css\" data-created_by=\"avia_inline_auto\" id=\"style-css-av-18wuf-3e9e74011dba092d442b540b479ba3ed\">\n#top .av_textblock_section.av-18wuf-3e9e74011dba092d442b540b479ba3ed .avia_textblock{\nfont-size:18px;\ncolor:#0a0a0a;\n}\n<\/style>\n<section  class='av_textblock_section av-18wuf-3e9e74011dba092d442b540b479ba3ed '   itemscope=\"itemscope\" itemtype=\"https:\/\/schema.org\/CreativeWork\" ><div class='avia_textblock av_inherit_color'  itemprop=\"text\" ><p>Nos vernis UV pour l\u2019emballage alimentaire ont \u00e9t\u00e9 d\u00e9velopp\u00e9s pour garantir une s\u00e9curit\u00e9 et une qualit\u00e9 maximales dans les processus de production sur papier et carton. Formul\u00e9s en totale conformit\u00e9 avec la r\u00e9glementation en vigueur, ces vernis peuvent \u00eatre appliqu\u00e9s aussi bien en ligne qu\u2019hors ligne, offrant polyvalence et fiabilit\u00e9.<\/p>\n<p>Notre s\u00e9rie brevet\u00e9e Natax, \u00e0 base d\u2019eau, repr\u00e9sente l\u2019excellence en termes de durabilit\u00e9 et d\u2019efficacit\u00e9, assurant un rev\u00eatement s\u00fbr et conforme pour tous les types d\u2019emballages alimentaires.<br \/>\nChoisir nos vernis, c\u2019est opter pour l\u2019innovation, la s\u00e9curit\u00e9 et le respect de l\u2019environnement.<\/p>\n<\/div><\/section><\/div><div class='av-flex-placeholder'><\/div><div  class='flex_column av-a5x4b-44c443314d42cb732f4754c05616351b av_three_fifth  avia-builder-el-5  el_after_av_two_fifth  avia-builder-el-last  flex_column_table_cell av-equal-height-column av-align-middle  '     ><style type=\"text\/css\" data-created_by=\"avia_inline_auto\" id=\"style-css-av-lz8ig6fg-7472c8eae865e7c1c3ffc846c2aa9e71\">\n.avia-image-container.av-lz8ig6fg-7472c8eae865e7c1c3ffc846c2aa9e71 img.avia_image{\nbox-shadow:none;\n}\n.avia-image-container.av-lz8ig6fg-7472c8eae865e7c1c3ffc846c2aa9e71 .av-image-caption-overlay-center{\ncolor:#ffffff;\n}\n<\/style>\n<div  class='avia-image-container av-lz8ig6fg-7472c8eae865e7c1c3ffc846c2aa9e71 av-styling- avia-align-center  avia-builder-el-6  avia-builder-el-no-sibling '   itemprop=\"image\" itemscope=\"itemscope\" itemtype=\"https:\/\/schema.org\/ImageObject\" ><div class=\"avia-image-container-inner\"><div class=\"avia-image-overlay-wrap\"><img decoding=\"async\" fetchpriority=\"high\" class='wp-image-779 avia-img-lazy-loading-not-779 avia_image ' src=\"https:\/\/dumaxsrl.com\/wp-content\/uploads\/2024\/07\/VERNICI-FOOD.jpg\" alt='vernice per food packaging' title='vernice per food packaging'  height=\"1155\" width=\"1732\"  itemprop=\"thumbnailUrl\" srcset=\"https:\/\/dumaxsrl.com\/wp-content\/uploads\/2024\/07\/VERNICI-FOOD.jpg 1732w, https:\/\/dumaxsrl.com\/wp-content\/uploads\/2024\/07\/VERNICI-FOOD-300x200.jpg 300w, https:\/\/dumaxsrl.com\/wp-content\/uploads\/2024\/07\/VERNICI-FOOD-1030x687.jpg 1030w, https:\/\/dumaxsrl.com\/wp-content\/uploads\/2024\/07\/VERNICI-FOOD-768x512.jpg 768w, https:\/\/dumaxsrl.com\/wp-content\/uploads\/2024\/07\/VERNICI-FOOD-1536x1024.jpg 1536w, https:\/\/dumaxsrl.com\/wp-content\/uploads\/2024\/07\/VERNICI-FOOD-1500x1000.jpg 1500w, https:\/\/dumaxsrl.com\/wp-content\/uploads\/2024\/07\/VERNICI-FOOD-705x470.jpg 705w\" sizes=\"(max-width: 1732px) 100vw, 1732px\" \/><\/div><\/div><\/div><\/div><\/div><!--close column table wrapper. Autoclose: 1 --><\/div><\/div><\/div><!-- close content main div --><\/div><\/div><div id='after_section_2'  class='main_color av_default_container_wrap container_wrap sidebar_right'  ><div class='container av-section-cont-open' ><div class='template-page content  av-content-small alpha units'><div class='post-entry post-entry-type-page post-entry-952'><div class='entry-content-wrapper clearfix'><\/p>\n","protected":false},"excerpt":{"rendered":"","protected":false},"author":1,"featured_media":0,"parent":0,"menu_order":0,"comment_status":"closed","ping_status":"closed","template":"","meta":{"footnotes":""},"yoast_head":"<!-- This site is optimized with the Yoast SEO plugin v23.7 - https:\/\/yoast.com\/wordpress\/plugins\/seo\/ -->\n<title>PRODUITS POUR L\u2019EMALLAGE ALIMENTAIRE - DUMAX SRL<\/title>\n<meta name=\"robots\" content=\"index, follow, max-snippet:-1, max-image-preview:large, max-video-preview:-1\" \/>\n<link rel=\"canonical\" href=\"https:\/\/dumaxsrl.com\/fr\/produits-pour-lemallage-alimentaire\/\" \/>\n<meta property=\"og:locale\" content=\"fr_FR\" \/>\n<meta property=\"og:type\" content=\"article\" \/>\n<meta property=\"og:title\" content=\"PRODUITS POUR L\u2019EMALLAGE ALIMENTAIRE - DUMAX SRL\" \/>\n<meta property=\"og:url\" content=\"https:\/\/dumaxsrl.com\/fr\/produits-pour-lemallage-alimentaire\/\" \/>\n<meta property=\"og:site_name\" content=\"DUMAX SRL\" \/>\n<meta property=\"article:modified_time\" content=\"2024-10-29T08:51:02+00:00\" \/>\n<meta name=\"twitter:card\" content=\"summary_large_image\" \/>\n<meta name=\"twitter:label1\" content=\"Dur\u00e9e de lecture estim\u00e9e\" \/>\n\t<meta name=\"twitter:data1\" content=\"1 minute\" \/>\n<script type=\"application\/ld+json\" class=\"yoast-schema-graph\">{\"@context\":\"https:\/\/schema.org\",\"@graph\":[{\"@type\":\"WebPage\",\"@id\":\"https:\/\/dumaxsrl.com\/fr\/produits-pour-lemallage-alimentaire\/\",\"url\":\"https:\/\/dumaxsrl.com\/fr\/produits-pour-lemallage-alimentaire\/\",\"name\":\"PRODUITS POUR L\u2019EMALLAGE ALIMENTAIRE - DUMAX SRL\",\"isPartOf\":{\"@id\":\"https:\/\/dumaxsrl.com\/fr\/#website\"},\"datePublished\":\"2024-07-23T12:00:51+00:00\",\"dateModified\":\"2024-10-29T08:51:02+00:00\",\"breadcrumb\":{\"@id\":\"https:\/\/dumaxsrl.com\/fr\/produits-pour-lemallage-alimentaire\/#breadcrumb\"},\"inLanguage\":\"fr-FR\",\"potentialAction\":[{\"@type\":\"ReadAction\",\"target\":[\"https:\/\/dumaxsrl.com\/fr\/produits-pour-lemallage-alimentaire\/\"]}]},{\"@type\":\"BreadcrumbList\",\"@id\":\"https:\/\/dumaxsrl.com\/fr\/produits-pour-lemallage-alimentaire\/#breadcrumb\",\"itemListElement\":[{\"@type\":\"ListItem\",\"position\":1,\"name\":\"Home\",\"item\":\"https:\/\/dumaxsrl.com\/fr\/\"},{\"@type\":\"ListItem\",\"position\":2,\"name\":\"PRODUITS POUR L\u2019EMALLAGE ALIMENTAIRE\"}]},{\"@type\":\"WebSite\",\"@id\":\"https:\/\/dumaxsrl.com\/fr\/#website\",\"url\":\"https:\/\/dumaxsrl.com\/fr\/\",\"name\":\"DUMAX SRL\",\"description\":\"\",\"potentialAction\":[{\"@type\":\"SearchAction\",\"target\":{\"@type\":\"EntryPoint\",\"urlTemplate\":\"https:\/\/dumaxsrl.com\/fr\/?s={search_term_string}\"},\"query-input\":{\"@type\":\"PropertyValueSpecification\",\"valueRequired\":true,\"valueName\":\"search_term_string\"}}],\"inLanguage\":\"fr-FR\"}]}<\/script>\n<!-- \/ Yoast SEO plugin. -->","yoast_head_json":{"title":"PRODUITS POUR L\u2019EMALLAGE ALIMENTAIRE - DUMAX SRL","robots":{"index":"index","follow":"follow","max-snippet":"max-snippet:-1","max-image-preview":"max-image-preview:large","max-video-preview":"max-video-preview:-1"},"canonical":"https:\/\/dumaxsrl.com\/fr\/produits-pour-lemallage-alimentaire\/","og_locale":"fr_FR","og_type":"article","og_title":"PRODUITS POUR L\u2019EMALLAGE ALIMENTAIRE - DUMAX SRL","og_url":"https:\/\/dumaxsrl.com\/fr\/produits-pour-lemallage-alimentaire\/","og_site_name":"DUMAX SRL","article_modified_time":"2024-10-29T08:51:02+00:00","twitter_card":"summary_large_image","twitter_misc":{"Dur\u00e9e de lecture estim\u00e9e":"1 minute"},"schema":{"@context":"https:\/\/schema.org","@graph":[{"@type":"WebPage","@id":"https:\/\/dumaxsrl.com\/fr\/produits-pour-lemallage-alimentaire\/","url":"https:\/\/dumaxsrl.com\/fr\/produits-pour-lemallage-alimentaire\/","name":"PRODUITS POUR L\u2019EMALLAGE ALIMENTAIRE - DUMAX SRL","isPartOf":{"@id":"https:\/\/dumaxsrl.com\/fr\/#website"},"datePublished":"2024-07-23T12:00:51+00:00","dateModified":"2024-10-29T08:51:02+00:00","breadcrumb":{"@id":"https:\/\/dumaxsrl.com\/fr\/produits-pour-lemallage-alimentaire\/#breadcrumb"},"inLanguage":"fr-FR","potentialAction":[{"@type":"ReadAction","target":["https:\/\/dumaxsrl.com\/fr\/produits-pour-lemallage-alimentaire\/"]}]},{"@type":"BreadcrumbList","@id":"https:\/\/dumaxsrl.com\/fr\/produits-pour-lemallage-alimentaire\/#breadcrumb","itemListElement":[{"@type":"ListItem","position":1,"name":"Home","item":"https:\/\/dumaxsrl.com\/fr\/"},{"@type":"ListItem","position":2,"name":"PRODUITS POUR L\u2019EMALLAGE ALIMENTAIRE"}]},{"@type":"WebSite","@id":"https:\/\/dumaxsrl.com\/fr\/#website","url":"https:\/\/dumaxsrl.com\/fr\/","name":"DUMAX SRL","description":"","potentialAction":[{"@type":"SearchAction","target":{"@type":"EntryPoint","urlTemplate":"https:\/\/dumaxsrl.com\/fr\/?s={search_term_string}"},"query-input":{"@type":"PropertyValueSpecification","valueRequired":true,"valueName":"search_term_string"}}],"inLanguage":"fr-FR"}]}},"_links":{"self":[{"href":"https:\/\/dumaxsrl.com\/fr\/wp-json\/wp\/v2\/pages\/952"}],"collection":[{"href":"https:\/\/dumaxsrl.com\/fr\/wp-json\/wp\/v2\/pages"}],"about":[{"href":"https:\/\/dumaxsrl.com\/fr\/wp-json\/wp\/v2\/types\/page"}],"author":[{"embeddable":true,"href":"https:\/\/dumaxsrl.com\/fr\/wp-json\/wp\/v2\/users\/1"}],"replies":[{"embeddable":true,"href":"https:\/\/dumaxsrl.com\/fr\/wp-json\/wp\/v2\/comments?post=952"}],"version-history":[{"count":2,"href":"https:\/\/dumaxsrl.com\/fr\/wp-json\/wp\/v2\/pages\/952\/revisions"}],"predecessor-version":[{"id":954,"href":"https:\/\/dumaxsrl.com\/fr\/wp-json\/wp\/v2\/pages\/952\/revisions\/954"}],"wp:attachment":[{"href":"https:\/\/dumaxsrl.com\/fr\/wp-json\/wp\/v2\/media?parent=952"}],"curies":[{"name":"wp","href":"https:\/\/api.w.org\/{rel}","templated":true}]}}